{"id":12858,"date":"2017-06-15T08:49:49","date_gmt":"2017-06-15T08:49:49","guid":{"rendered":"https:\/\/variacurtainpoles.uk\/product\/boule-chrom-1140\/"},"modified":"2020-09-18T06:35:27","modified_gmt":"2020-09-18T06:35:27","slug":"belon-chrom-1140","status":"publish","type":"product","link":"https:\/\/variacurtainpoles.uk\/hu\/termek\/belon-chrom-1140\/","title":{"rendered":"Belon nikkel 1140"},"content":{"rendered":"<p><strong><span class=\"red strong\">Anyag\/Fot\u00f3<\/span><\/strong><br \/>\nKarnisr\u00fad: s\u00e1rgar\u00e9z, pol\u00edrozott, nikkelezett<br \/>\nV\u00e9gd\u00edsz: s\u00e1rgar\u00e9z, pol\u00edrozott, nikkelezett<\/p>\n<p><strong><span class=\"red strong\">F\u00fcgg\u00f6nyr\u00fad \u00f8: <\/span><\/strong>40 mm (1 1\/2 &quot;)<\/p>\n<p><strong>V\u00e9gleges\u00a0<span class=\"red strong\">\u00f8<\/span>:<\/strong> 70mm<\/p>\n<p><strong><span class=\"red strong\">\u00a0<\/span><\/strong><\/p>","protected":false},"excerpt":{"rendered":"<p><strong><span class=\"red strong\">Anyag\/Fot\u00f3<\/span><\/strong><br \/>\nKarnisr\u00fad: s\u00e1rgar\u00e9z, pol\u00edrozott, nikkelezett<br \/>\nV\u00e9gd\u00edsz: s\u00e1rgar\u00e9z, pol\u00edrozott, nikkelezett<\/p>\n<p><strong><span class=\"red strong\">F\u00fcgg\u00f6nyr\u00fad \u00f8: <\/span><\/strong>40 mm (1 1\/2 &quot;)<\/p>","protected":false},"featured_media":12909,"comment_status":"closed","ping_status":"closed","template":"","meta":[],"product_cat":[129,60],"product_tag":[],"_links":{"self":[{"href":"https:\/\/variacurtainpoles.uk\/hu\/wp-json\/wp\/v2\/product\/12858"}],"collection":[{"href":"https:\/\/variacurtainpoles.uk\/hu\/wp-json\/wp\/v2\/product"}],"about":[{"href":"https:\/\/variacurtainpoles.uk\/hu\/wp-json\/wp\/v2\/types\/product"}],"replies":[{"embeddable":true,"href":"https:\/\/variacurtainpoles.uk\/hu\/wp-json\/wp\/v2\/comments?post=12858"}],"wp:featuredmedia":[{"embeddable":true,"href":"https:\/\/variacurtainpoles.uk\/hu\/wp-json\/wp\/v2\/media\/12909"}],"wp:attachment":[{"href":"https:\/\/variacurtainpoles.uk\/hu\/wp-json\/wp\/v2\/media?parent=12858"}],"wp:term":[{"taxonomy":"product_cat","embeddable":true,"href":"https:\/\/variacurtainpoles.uk\/hu\/wp-json\/wp\/v2\/product_cat?post=12858"},{"taxonomy":"product_tag","embeddable":true,"href":"https:\/\/variacurtainpoles.uk\/hu\/wp-json\/wp\/v2\/product_tag?post=12858"}],"curies":[{"name":"wp","href":"https:\/\/api.w.org\/{rel}","templated":true}]}}