{"id":12853,"date":"2017-06-15T07:58:07","date_gmt":"2017-06-15T07:58:07","guid":{"rendered":"https:\/\/variacurtainpoles.uk\/product\/plissee-chrom\/"},"modified":"2020-09-18T06:40:58","modified_gmt":"2020-09-18T06:40:58","slug":"plissee-chrom","status":"publish","type":"product","link":"https:\/\/variacurtainpoles.uk\/hu\/termek\/plissee-chrom\/","title":{"rendered":"Plisz\u00e9 nikkel 1036"},"content":{"rendered":"<p><strong><span class=\"red strong\">Anyag\/Fot\u00f3<\/span><\/strong><br \/>\nKarnisr\u00fad: s\u00e1rgar\u00e9z, pol\u00edrozott, nikkelezett<br \/>\nV\u00e9gd\u00edsz: s\u00e1rgar\u00e9z, pol\u00edrozott, nikkelezett<\/p>\n<p><strong><span class=\"red strong\">F\u00fcgg\u00f6nyr\u00fad \u00f8: <\/span><\/strong>40 mm (1 1\/2 &quot;)<\/p>\n<p><strong><span class=\"red strong\">V\u00e9gd\u00edsz:<\/span><\/strong> 42 x 60 x 90 mm<\/p>","protected":false},"excerpt":{"rendered":"<p><strong><span class=\"red strong\">Anyag\/Fot\u00f3<\/span><\/strong><br \/>\nKarnisr\u00fad: s\u00e1rgar\u00e9z, pol\u00edrozott, nikkelezett<br \/>\nV\u00e9gd\u00edsz: s\u00e1rgar\u00e9z, pol\u00edrozott, nikkelezett<\/p>\n<p><strong><span class=\"red strong\">F\u00fcgg\u00f6nyr\u00fad \u00f8: <\/span><\/strong>40 mm (1 1\/2 &quot;)<\/p>\n<p><strong><span class=\"red strong\">V\u00e9gd\u00edsz:<\/span><\/strong> 42 x 60 x 90 mm<\/p>","protected":false},"featured_media":12863,"comment_status":"closed","ping_status":"closed","template":"","meta":[],"product_cat":[129,60],"product_tag":[],"_links":{"self":[{"href":"https:\/\/variacurtainpoles.uk\/hu\/wp-json\/wp\/v2\/product\/12853"}],"collection":[{"href":"https:\/\/variacurtainpoles.uk\/hu\/wp-json\/wp\/v2\/product"}],"about":[{"href":"https:\/\/variacurtainpoles.uk\/hu\/wp-json\/wp\/v2\/types\/product"}],"replies":[{"embeddable":true,"href":"https:\/\/variacurtainpoles.uk\/hu\/wp-json\/wp\/v2\/comments?post=12853"}],"wp:featuredmedia":[{"embeddable":true,"href":"https:\/\/variacurtainpoles.uk\/hu\/wp-json\/wp\/v2\/media\/12863"}],"wp:attachment":[{"href":"https:\/\/variacurtainpoles.uk\/hu\/wp-json\/wp\/v2\/media?parent=12853"}],"wp:term":[{"taxonomy":"product_cat","embeddable":true,"href":"https:\/\/variacurtainpoles.uk\/hu\/wp-json\/wp\/v2\/product_cat?post=12853"},{"taxonomy":"product_tag","embeddable":true,"href":"https:\/\/variacurtainpoles.uk\/hu\/wp-json\/wp\/v2\/product_tag?post=12853"}],"curies":[{"name":"wp","href":"https:\/\/api.w.org\/{rel}","templated":true}]}}