{"id":12647,"date":"2016-11-16T21:53:42","date_gmt":"2016-11-16T21:53:42","guid":{"rendered":"http:\/\/variacurtainpoles.uk\/product\/set-curtain-poles\/"},"modified":"2016-11-16T21:55:42","modified_gmt":"2016-11-16T21:55:42","slug":"set-curtain-poles","status":"publish","type":"product","link":"https:\/\/variacurtainpoles.uk\/hu\/termek\/set-curtain-poles\/","title":{"rendered":"R\u00fadkarnis k\u00e9szlet"},"content":{"rendered":"","protected":false},"excerpt":{"rendered":"<p>R\u00fadkarnis k\u00e9szlet<em><br \/>\n<\/em><\/p>","protected":false},"featured_media":12648,"comment_status":"closed","ping_status":"closed","template":"","meta":[],"product_cat":[112],"product_tag":[113],"_links":{"self":[{"href":"https:\/\/variacurtainpoles.uk\/hu\/wp-json\/wp\/v2\/product\/12647"}],"collection":[{"href":"https:\/\/variacurtainpoles.uk\/hu\/wp-json\/wp\/v2\/product"}],"about":[{"href":"https:\/\/variacurtainpoles.uk\/hu\/wp-json\/wp\/v2\/types\/product"}],"replies":[{"embeddable":true,"href":"https:\/\/variacurtainpoles.uk\/hu\/wp-json\/wp\/v2\/comments?post=12647"}],"wp:featuredmedia":[{"embeddable":true,"href":"https:\/\/variacurtainpoles.uk\/hu\/wp-json\/wp\/v2\/media\/12648"}],"wp:attachment":[{"href":"https:\/\/variacurtainpoles.uk\/hu\/wp-json\/wp\/v2\/media?parent=12647"}],"wp:term":[{"taxonomy":"product_cat","embeddable":true,"href":"https:\/\/variacurtainpoles.uk\/hu\/wp-json\/wp\/v2\/product_cat?post=12647"},{"taxonomy":"product_tag","embeddable":true,"href":"https:\/\/variacurtainpoles.uk\/hu\/wp-json\/wp\/v2\/product_tag?post=12647"}],"curies":[{"name":"wp","href":"https:\/\/api.w.org\/{rel}","templated":true}]}}