{"id":12603,"date":"2016-11-15T15:04:00","date_gmt":"2016-11-15T15:04:00","guid":{"rendered":"http:\/\/variacurtainpoles.uk\/product\/support-brass-6001-6002\/"},"modified":"2016-11-17T10:22:57","modified_gmt":"2016-11-17T10:22:57","slug":"support-brass-6001-6002","status":"publish","type":"product","link":"https:\/\/variacurtainpoles.uk\/hu\/termek\/support-brass-6001-6002\/","title":{"rendered":"Tart\u00f3konzol, s\u00e1rgar\u00e9z 6001 - 6002"},"content":{"rendered":"<p><strong>6001<\/strong><br \/>\nL. 10 - 15 cm, 4 &quot;- 6&quot;<\/p>\n<p><strong>6002<\/strong><br \/>\nL. 19 - 24 cm, 7 1\/2 &quot;- 9 1\/2&quot;<\/p>","protected":false},"excerpt":{"rendered":"<p><strong>6001<\/strong><br \/>\nL. 10 - 15 cm, 4 &quot;- 6&quot;<\/p>\n<p><strong>6002<\/strong><br \/>\nL. 19 - 24 cm, 7 1\/2 &quot;- 9 1\/2&quot;<\/p>","protected":false},"featured_media":12608,"comment_status":"closed","ping_status":"closed","template":"","meta":[],"product_cat":[38,81],"product_tag":[],"_links":{"self":[{"href":"https:\/\/variacurtainpoles.uk\/hu\/wp-json\/wp\/v2\/product\/12603"}],"collection":[{"href":"https:\/\/variacurtainpoles.uk\/hu\/wp-json\/wp\/v2\/product"}],"about":[{"href":"https:\/\/variacurtainpoles.uk\/hu\/wp-json\/wp\/v2\/types\/product"}],"replies":[{"embeddable":true,"href":"https:\/\/variacurtainpoles.uk\/hu\/wp-json\/wp\/v2\/comments?post=12603"}],"wp:featuredmedia":[{"embeddable":true,"href":"https:\/\/variacurtainpoles.uk\/hu\/wp-json\/wp\/v2\/media\/12608"}],"wp:attachment":[{"href":"https:\/\/variacurtainpoles.uk\/hu\/wp-json\/wp\/v2\/media?parent=12603"}],"wp:term":[{"taxonomy":"product_cat","embeddable":true,"href":"https:\/\/variacurtainpoles.uk\/hu\/wp-json\/wp\/v2\/product_cat?post=12603"},{"taxonomy":"product_tag","embeddable":true,"href":"https:\/\/variacurtainpoles.uk\/hu\/wp-json\/wp\/v2\/product_tag?post=12603"}],"curies":[{"name":"wp","href":"https:\/\/api.w.org\/{rel}","templated":true}]}}