{"id":12575,"date":"2016-11-15T09:49:38","date_gmt":"2016-11-15T09:49:38","guid":{"rendered":"http:\/\/variacurtainpoles.uk\/product\/tieback-brass-290202\/"},"modified":"2020-05-28T06:04:54","modified_gmt":"2020-05-28T06:04:54","slug":"tieback-brass-290202","status":"publish","type":"product","link":"https:\/\/variacurtainpoles.uk\/hu\/termek\/tieback-brass-290202\/","title":{"rendered":"F\u00fcgg\u00f6ny elk\u00f6t\u0151 s\u00e1rgar\u00e9z 290202"},"content":{"rendered":"<p>F\u00fcgg\u00f6ny nyakkend\u0151 h\u00e1tul s\u00e1rgar\u00e9z, f\u00fcgg\u00f6ny visszatart\u00f3 s\u00e1rgar\u00e9z<\/p>\n<p><strong>290202<\/strong><br \/>\nL. 10cm, 4 &quot;<br \/>\n\u00d8 6 cm, 2 3\/4 \u2033<\/p>","protected":false},"excerpt":{"rendered":"<p><strong>290202<\/strong><br \/>\nL. 10cm, 4 &quot;<br \/>\n\u00d8 6 cm, 2 3\/4 \u2033<\/p>","protected":false},"featured_media":12581,"comment_status":"closed","ping_status":"closed","template":"","meta":[],"product_cat":[38,80],"product_tag":[],"_links":{"self":[{"href":"https:\/\/variacurtainpoles.uk\/hu\/wp-json\/wp\/v2\/product\/12575"}],"collection":[{"href":"https:\/\/variacurtainpoles.uk\/hu\/wp-json\/wp\/v2\/product"}],"about":[{"href":"https:\/\/variacurtainpoles.uk\/hu\/wp-json\/wp\/v2\/types\/product"}],"replies":[{"embeddable":true,"href":"https:\/\/variacurtainpoles.uk\/hu\/wp-json\/wp\/v2\/comments?post=12575"}],"wp:featuredmedia":[{"embeddable":true,"href":"https:\/\/variacurtainpoles.uk\/hu\/wp-json\/wp\/v2\/media\/12581"}],"wp:attachment":[{"href":"https:\/\/variacurtainpoles.uk\/hu\/wp-json\/wp\/v2\/media?parent=12575"}],"wp:term":[{"taxonomy":"product_cat","embeddable":true,"href":"https:\/\/variacurtainpoles.uk\/hu\/wp-json\/wp\/v2\/product_cat?post=12575"},{"taxonomy":"product_tag","embeddable":true,"href":"https:\/\/variacurtainpoles.uk\/hu\/wp-json\/wp\/v2\/product_tag?post=12575"}],"curies":[{"name":"wp","href":"https:\/\/api.w.org\/{rel}","templated":true}]}}