{"id":12572,"date":"2016-11-15T09:32:53","date_gmt":"2016-11-15T09:32:53","guid":{"rendered":"http:\/\/variacurtainpoles.uk\/product\/tieback-brass-2562\/"},"modified":"2020-05-28T06:03:18","modified_gmt":"2020-05-28T06:03:18","slug":"tieback-brass-2562","status":"publish","type":"product","link":"https:\/\/variacurtainpoles.uk\/hu\/termek\/tieback-brass-2562\/","title":{"rendered":"Elk\u00f6t\u0151, s\u00e1rgar\u00e9z 2562"},"content":{"rendered":"<p><strong>2562<\/strong><br \/>\nL. 10 cm, 4 &quot;<br \/>\n\u00d8 5 cm, 2 &quot;<\/p>","protected":false},"excerpt":{"rendered":"<p><strong>2562<\/strong><br \/>\nL. 10 cm, 4 &quot;<br \/>\n\u00d8 5 cm, 2 &quot;<\/p>","protected":false},"featured_media":12580,"comment_status":"closed","ping_status":"closed","template":"","meta":[],"product_cat":[38,80],"product_tag":[],"_links":{"self":[{"href":"https:\/\/variacurtainpoles.uk\/hu\/wp-json\/wp\/v2\/product\/12572"}],"collection":[{"href":"https:\/\/variacurtainpoles.uk\/hu\/wp-json\/wp\/v2\/product"}],"about":[{"href":"https:\/\/variacurtainpoles.uk\/hu\/wp-json\/wp\/v2\/types\/product"}],"replies":[{"embeddable":true,"href":"https:\/\/variacurtainpoles.uk\/hu\/wp-json\/wp\/v2\/comments?post=12572"}],"wp:featuredmedia":[{"embeddable":true,"href":"https:\/\/variacurtainpoles.uk\/hu\/wp-json\/wp\/v2\/media\/12580"}],"wp:attachment":[{"href":"https:\/\/variacurtainpoles.uk\/hu\/wp-json\/wp\/v2\/media?parent=12572"}],"wp:term":[{"taxonomy":"product_cat","embeddable":true,"href":"https:\/\/variacurtainpoles.uk\/hu\/wp-json\/wp\/v2\/product_cat?post=12572"},{"taxonomy":"product_tag","embeddable":true,"href":"https:\/\/variacurtainpoles.uk\/hu\/wp-json\/wp\/v2\/product_tag?post=12572"}],"curies":[{"name":"wp","href":"https:\/\/api.w.org\/{rel}","templated":true}]}}