{"id":12570,"date":"2016-11-15T09:21:25","date_gmt":"2016-11-15T09:21:25","guid":{"rendered":"http:\/\/variacurtainpoles.uk\/product\/fontainebleau-755\/"},"modified":"2020-05-28T06:01:31","modified_gmt":"2020-05-28T06:01:31","slug":"fontainebleau-755","status":"publish","type":"product","link":"https:\/\/variacurtainpoles.uk\/hu\/termek\/fontainebleau-755\/","title":{"rendered":"Fontainebleau 755"},"content":{"rendered":"<p><strong>Elk\u00f6t\u0151, s\u00e1rgar\u00e9z <\/strong><br \/>\nL. 17 cm, 6 2\/3 \u2033<br \/>\n\u00d8 10 cm, 4 &quot;<\/p>","protected":false},"excerpt":{"rendered":"<p><strong>Elk\u00f6t\u0151, s\u00e1rgar\u00e9z <\/strong><br \/>\nL. 17 cm, 6 2\/3 \u2033<br \/>\n\u00d8 10 cm, 4 &quot;<\/p>","protected":false},"featured_media":12525,"comment_status":"closed","ping_status":"closed","template":"","meta":[],"product_cat":[38,80],"product_tag":[],"_links":{"self":[{"href":"https:\/\/variacurtainpoles.uk\/hu\/wp-json\/wp\/v2\/product\/12570"}],"collection":[{"href":"https:\/\/variacurtainpoles.uk\/hu\/wp-json\/wp\/v2\/product"}],"about":[{"href":"https:\/\/variacurtainpoles.uk\/hu\/wp-json\/wp\/v2\/types\/product"}],"replies":[{"embeddable":true,"href":"https:\/\/variacurtainpoles.uk\/hu\/wp-json\/wp\/v2\/comments?post=12570"}],"wp:featuredmedia":[{"embeddable":true,"href":"https:\/\/variacurtainpoles.uk\/hu\/wp-json\/wp\/v2\/media\/12525"}],"wp:attachment":[{"href":"https:\/\/variacurtainpoles.uk\/hu\/wp-json\/wp\/v2\/media?parent=12570"}],"wp:term":[{"taxonomy":"product_cat","embeddable":true,"href":"https:\/\/variacurtainpoles.uk\/hu\/wp-json\/wp\/v2\/product_cat?post=12570"},{"taxonomy":"product_tag","embeddable":true,"href":"https:\/\/variacurtainpoles.uk\/hu\/wp-json\/wp\/v2\/product_tag?post=12570"}],"curies":[{"name":"wp","href":"https:\/\/api.w.org\/{rel}","templated":true}]}}