{"id":12569,"date":"2016-11-15T09:17:44","date_gmt":"2016-11-15T09:17:44","guid":{"rendered":"http:\/\/variacurtainpoles.uk\/product\/tieback-brass-2547\/"},"modified":"2020-05-28T06:00:57","modified_gmt":"2020-05-28T06:00:57","slug":"tieback-brass-2547","status":"publish","type":"product","link":"https:\/\/variacurtainpoles.uk\/hu\/termek\/tieback-brass-2547\/","title":{"rendered":"Elk\u00f6t\u0151, s\u00e1rgar\u00e9z 2547"},"content":{"rendered":"<p><strong>2549<\/strong><br \/>\nL. 11 cm, 4 1\/3 \u2033<br \/>\n\u00d8 8 cm, 3 1\/6 \u2033<\/p>","protected":false},"excerpt":{"rendered":"<p><strong>2549<\/strong><br \/>\nL. 11 cm, 4 1\/3 \u2033<br \/>\n\u00d8 8 cm, 3 1\/6 \u2033<\/p>","protected":false},"featured_media":12573,"comment_status":"closed","ping_status":"closed","template":"","meta":[],"product_cat":[38,80],"product_tag":[],"_links":{"self":[{"href":"https:\/\/variacurtainpoles.uk\/hu\/wp-json\/wp\/v2\/product\/12569"}],"collection":[{"href":"https:\/\/variacurtainpoles.uk\/hu\/wp-json\/wp\/v2\/product"}],"about":[{"href":"https:\/\/variacurtainpoles.uk\/hu\/wp-json\/wp\/v2\/types\/product"}],"replies":[{"embeddable":true,"href":"https:\/\/variacurtainpoles.uk\/hu\/wp-json\/wp\/v2\/comments?post=12569"}],"wp:featuredmedia":[{"embeddable":true,"href":"https:\/\/variacurtainpoles.uk\/hu\/wp-json\/wp\/v2\/media\/12573"}],"wp:attachment":[{"href":"https:\/\/variacurtainpoles.uk\/hu\/wp-json\/wp\/v2\/media?parent=12569"}],"wp:term":[{"taxonomy":"product_cat","embeddable":true,"href":"https:\/\/variacurtainpoles.uk\/hu\/wp-json\/wp\/v2\/product_cat?post=12569"},{"taxonomy":"product_tag","embeddable":true,"href":"https:\/\/variacurtainpoles.uk\/hu\/wp-json\/wp\/v2\/product_tag?post=12569"}],"curies":[{"name":"wp","href":"https:\/\/api.w.org\/{rel}","templated":true}]}}