{"id":12517,"date":"2016-11-11T07:32:13","date_gmt":"2016-11-11T07:32:13","guid":{"rendered":"http:\/\/variacurtainpoles.uk\/product\/embrace-iron-1560\/"},"modified":"2020-05-28T05:59:57","modified_gmt":"2020-05-28T05:59:57","slug":"embrace-iron-1560","status":"publish","type":"product","link":"https:\/\/variacurtainpoles.uk\/hu\/termek\/embrace-iron-1560\/","title":{"rendered":"Elk\u00f6t\u0151 kamp\u00f3, vas 1560"},"content":{"rendered":"<p><strong>1560<\/strong><\/p>\n<p>L. 27cm, 11 &quot;<\/p>\n<p>Fot\u00f3n: nat\u00far kov\u00e1csoltvas<\/p>\n<p>Sz\u00ednv\u00e1ltozat: kov\u00e1csoltvas, rozsdahat\u00e1s\u00fa<\/p>","protected":false},"excerpt":{"rendered":"<p><strong>1560<\/strong><\/p>\n<p>L. 27cm, 11 &quot;<\/p>\n<p>Fot\u00f3n: nat\u00far kov\u00e1csoltvas<\/p>\n<p>Sz\u00ednv\u00e1ltozat: kov\u00e1csoltvas, rozsdahat\u00e1s\u00fa<\/p>","protected":false},"featured_media":12510,"comment_status":"closed","ping_status":"closed","template":"","meta":[],"product_cat":[38,123,117],"product_tag":[],"_links":{"self":[{"href":"https:\/\/variacurtainpoles.uk\/hu\/wp-json\/wp\/v2\/product\/12517"}],"collection":[{"href":"https:\/\/variacurtainpoles.uk\/hu\/wp-json\/wp\/v2\/product"}],"about":[{"href":"https:\/\/variacurtainpoles.uk\/hu\/wp-json\/wp\/v2\/types\/product"}],"replies":[{"embeddable":true,"href":"https:\/\/variacurtainpoles.uk\/hu\/wp-json\/wp\/v2\/comments?post=12517"}],"wp:featuredmedia":[{"embeddable":true,"href":"https:\/\/variacurtainpoles.uk\/hu\/wp-json\/wp\/v2\/media\/12510"}],"wp:attachment":[{"href":"https:\/\/variacurtainpoles.uk\/hu\/wp-json\/wp\/v2\/media?parent=12517"}],"wp:term":[{"taxonomy":"product_cat","embeddable":true,"href":"https:\/\/variacurtainpoles.uk\/hu\/wp-json\/wp\/v2\/product_cat?post=12517"},{"taxonomy":"product_tag","embeddable":true,"href":"https:\/\/variacurtainpoles.uk\/hu\/wp-json\/wp\/v2\/product_tag?post=12517"}],"curies":[{"name":"wp","href":"https:\/\/api.w.org\/{rel}","templated":true}]}}