{"id":12499,"date":"2016-11-10T22:57:42","date_gmt":"2016-11-10T22:57:42","guid":{"rendered":"http:\/\/variacurtainpoles.uk\/product\/bed-crown-wood-21-26\/"},"modified":"2016-11-17T10:58:18","modified_gmt":"2016-11-17T10:58:18","slug":"bed-crown-wood-21-26","status":"publish","type":"product","link":"https:\/\/variacurtainpoles.uk\/hu\/termek\/bed-crown-wood-21-26\/","title":{"rendered":"\u00c1gykorona, fa 21 \/ 26"},"content":{"rendered":"<p>A f\u00e1t k\u00e9zzel festett\u00e9k, majd ut\u00e1na k\u00e9zzel bevonj\u00e1k m\u00e9hviasszal, lakkozz\u00e1k vagy arannyal vonj\u00e1k be. A kivitel egyedi megrendel\u00e9sre k\u00e9sz\u00fcl.<\/p>\n<p><strong>Sz\u00edn <span class=\"red strong\">Fot\u00f3: <\/span><\/strong>Feh\u00e9r<br \/>\n<strong>\u00d8:<\/strong> 50cm, 20 &quot;<\/p>","protected":false},"excerpt":{"rendered":"<p>A f\u00e1t k\u00e9zzel festett\u00e9k, majd ut\u00e1na k\u00e9zzel bevonj\u00e1k m\u00e9hviasszal, lakkozz\u00e1k vagy arannyal vonj\u00e1k be. A kivitel egyedi megrendel\u00e9sre k\u00e9sz\u00fcl.<\/p>\n<p><strong>Sz\u00edn <span class=\"red strong\">Fot\u00f3: <\/span><\/strong>Feh\u00e9r<br \/>\n<strong>\u00d8:<\/strong> 50cm, 20 &quot;<\/p>","protected":false},"featured_media":12501,"comment_status":"closed","ping_status":"closed","template":"","meta":[],"product_cat":[38,121],"product_tag":[],"_links":{"self":[{"href":"https:\/\/variacurtainpoles.uk\/hu\/wp-json\/wp\/v2\/product\/12499"}],"collection":[{"href":"https:\/\/variacurtainpoles.uk\/hu\/wp-json\/wp\/v2\/product"}],"about":[{"href":"https:\/\/variacurtainpoles.uk\/hu\/wp-json\/wp\/v2\/types\/product"}],"replies":[{"embeddable":true,"href":"https:\/\/variacurtainpoles.uk\/hu\/wp-json\/wp\/v2\/comments?post=12499"}],"wp:featuredmedia":[{"embeddable":true,"href":"https:\/\/variacurtainpoles.uk\/hu\/wp-json\/wp\/v2\/media\/12501"}],"wp:attachment":[{"href":"https:\/\/variacurtainpoles.uk\/hu\/wp-json\/wp\/v2\/media?parent=12499"}],"wp:term":[{"taxonomy":"product_cat","embeddable":true,"href":"https:\/\/variacurtainpoles.uk\/hu\/wp-json\/wp\/v2\/product_cat?post=12499"},{"taxonomy":"product_tag","embeddable":true,"href":"https:\/\/variacurtainpoles.uk\/hu\/wp-json\/wp\/v2\/product_tag?post=12499"}],"curies":[{"name":"wp","href":"https:\/\/api.w.org\/{rel}","templated":true}]}}