{"id":12496,"date":"2016-11-10T22:15:25","date_gmt":"2016-11-10T22:15:25","guid":{"rendered":"http:\/\/variacurtainpoles.uk\/product\/bed-crown-wood-22\/"},"modified":"2016-11-17T10:59:54","modified_gmt":"2016-11-17T10:59:54","slug":"bed-crown-wood-22","status":"publish","type":"product","link":"https:\/\/variacurtainpoles.uk\/hu\/termek\/bed-crown-wood-22\/","title":{"rendered":"\u00c1gykorona, fa 22"},"content":{"rendered":"<p>A f\u00e1t k\u00e9zzel festett\u00e9k, majd ut\u00e1na k\u00e9zzel bevonj\u00e1k m\u00e9hviasszal, lakkozz\u00e1k vagy arannyal vonj\u00e1k be. A kivitel egyedi megrendel\u00e9sre k\u00e9sz\u00fcl.<\/p>\n<p><strong>Sz\u00edn <span class=\"red strong\">Fot\u00f3: <\/span><\/strong>Aranys\u00e1rga<br \/>\n<strong>\u00d8:<\/strong> 50cm, 20 &quot;\/ 20cm, 8&quot;<\/p>","protected":false},"excerpt":{"rendered":"<p>A f\u00e1t k\u00e9zzel festett\u00e9k, majd ut\u00e1na k\u00e9zzel bevonj\u00e1k m\u00e9hviasszal, lakkozz\u00e1k vagy arannyal vonj\u00e1k be. A kivitel egyedi megrendel\u00e9sre k\u00e9sz\u00fcl.<\/p>\n<p><strong>Sz\u00edn <span class=\"red strong\">Fot\u00f3: <\/span><\/strong>Aranys\u00e1rga<br \/>\n<strong>\u00d8:<\/strong> 50cm, 20 &quot;\/ 20cm, 8&quot;<\/p>","protected":false},"featured_media":12497,"comment_status":"closed","ping_status":"closed","template":"","meta":[],"product_cat":[38,121],"product_tag":[],"_links":{"self":[{"href":"https:\/\/variacurtainpoles.uk\/hu\/wp-json\/wp\/v2\/product\/12496"}],"collection":[{"href":"https:\/\/variacurtainpoles.uk\/hu\/wp-json\/wp\/v2\/product"}],"about":[{"href":"https:\/\/variacurtainpoles.uk\/hu\/wp-json\/wp\/v2\/types\/product"}],"replies":[{"embeddable":true,"href":"https:\/\/variacurtainpoles.uk\/hu\/wp-json\/wp\/v2\/comments?post=12496"}],"wp:featuredmedia":[{"embeddable":true,"href":"https:\/\/variacurtainpoles.uk\/hu\/wp-json\/wp\/v2\/media\/12497"}],"wp:attachment":[{"href":"https:\/\/variacurtainpoles.uk\/hu\/wp-json\/wp\/v2\/media?parent=12496"}],"wp:term":[{"taxonomy":"product_cat","embeddable":true,"href":"https:\/\/variacurtainpoles.uk\/hu\/wp-json\/wp\/v2\/product_cat?post=12496"},{"taxonomy":"product_tag","embeddable":true,"href":"https:\/\/variacurtainpoles.uk\/hu\/wp-json\/wp\/v2\/product_tag?post=12496"}],"curies":[{"name":"wp","href":"https:\/\/api.w.org\/{rel}","templated":true}]}}