{"id":12477,"date":"2016-11-08T10:17:49","date_gmt":"2016-11-08T10:17:49","guid":{"rendered":"http:\/\/variacurtainpoles.uk\/product\/support-brass-5001-5006\/"},"modified":"2020-05-28T05:56:19","modified_gmt":"2020-05-28T05:56:19","slug":"support-brass-5001-5006","status":"publish","type":"product","link":"https:\/\/variacurtainpoles.uk\/hu\/termek\/support-brass-5001-5006\/","title":{"rendered":"S\u00e1rgar\u00e9z tart\u00f3konzol 5001-5006"},"content":{"rendered":"<p>Tart\u00f3konzol r\u00fadkarnishoz.<\/p>\n<p>Anyaga: s\u00e1rgar\u00e9z<br \/>\nV\u00e9gd\u00edsz: egyedi m\u00e9retre legy\u00e1rtva<\/p>\n<p><strong>5001<\/strong><br \/>\nL. 7-21 cm, 3 &quot;-8 1\/4&quot;<br \/>\n\u00d8 4 cm, 1 1\/2 \u2033<\/p>\n<p><strong>5005<\/strong><br \/>\nL. 7-21 cm, 3 &quot;-8 1\/4&quot;<br \/>\n\u00d8 5 cm, 2 &quot;<\/p>\n<p><strong>5006<\/strong><br \/>\nL. 7-21 cm, 3 &quot;-8 1\/4&quot;<br \/>\n\u00d8 6 cm, 2 1\/3 \u2033<\/p>","protected":false},"excerpt":{"rendered":"<p><strong>5001<\/strong><br \/>\nL. 7-21 cm, 3 &quot;-8 1\/4&quot;<br \/>\n\u00d8 4 cm, 1 1\/2 \u2033<\/p>\n<p><strong>5005<\/strong><br \/>\nL. 7-21 cm, 3 &quot;-8 1\/4&quot;<br \/>\n\u00d8 5 cm, 2 &quot;<\/p>\n<p><strong>5006<\/strong><br \/>\nL. 7-21 cm, 3 &quot;-8 1\/4&quot;<br \/>\n\u00d8 6 cm, 2 1\/3 \u2033<\/p>\n<p>&nbsp;<\/p>\n<p>&nbsp;<\/p>","protected":false},"featured_media":12401,"comment_status":"closed","ping_status":"closed","template":"","meta":[],"product_cat":[38,81],"product_tag":[],"_links":{"self":[{"href":"https:\/\/variacurtainpoles.uk\/hu\/wp-json\/wp\/v2\/product\/12477"}],"collection":[{"href":"https:\/\/variacurtainpoles.uk\/hu\/wp-json\/wp\/v2\/product"}],"about":[{"href":"https:\/\/variacurtainpoles.uk\/hu\/wp-json\/wp\/v2\/types\/product"}],"replies":[{"embeddable":true,"href":"https:\/\/variacurtainpoles.uk\/hu\/wp-json\/wp\/v2\/comments?post=12477"}],"wp:featuredmedia":[{"embeddable":true,"href":"https:\/\/variacurtainpoles.uk\/hu\/wp-json\/wp\/v2\/media\/12401"}],"wp:attachment":[{"href":"https:\/\/variacurtainpoles.uk\/hu\/wp-json\/wp\/v2\/media?parent=12477"}],"wp:term":[{"taxonomy":"product_cat","embeddable":true,"href":"https:\/\/variacurtainpoles.uk\/hu\/wp-json\/wp\/v2\/product_cat?post=12477"},{"taxonomy":"product_tag","embeddable":true,"href":"https:\/\/variacurtainpoles.uk\/hu\/wp-json\/wp\/v2\/product_tag?post=12477"}],"curies":[{"name":"wp","href":"https:\/\/api.w.org\/{rel}","templated":true}]}}