{"id":12470,"date":"2016-11-08T09:37:42","date_gmt":"2016-11-08T09:37:42","guid":{"rendered":"http:\/\/variacurtainpoles.uk\/product\/baton-brass-351\/"},"modified":"2016-11-17T11:08:42","modified_gmt":"2016-11-17T11:08:42","slug":"baton-brass-351","status":"publish","type":"product","link":"https:\/\/variacurtainpoles.uk\/hu\/termek\/baton-brass-351\/","title":{"rendered":"F\u00fcgg\u00f6nyelh\u00faz\u00f3 p\u00e1lca, s\u00e1rgar\u00e9z 351"},"content":{"rendered":"<p>L. 96,6 cm, 38 &quot;<\/p>","protected":false},"excerpt":{"rendered":"<p>L. 96,6 cm, 38 &quot;<\/p>\n<p>&nbsp;<\/p>","protected":false},"featured_media":12424,"comment_status":"closed","ping_status":"closed","template":"","meta":[],"product_cat":[38,119],"product_tag":[],"_links":{"self":[{"href":"https:\/\/variacurtainpoles.uk\/hu\/wp-json\/wp\/v2\/product\/12470"}],"collection":[{"href":"https:\/\/variacurtainpoles.uk\/hu\/wp-json\/wp\/v2\/product"}],"about":[{"href":"https:\/\/variacurtainpoles.uk\/hu\/wp-json\/wp\/v2\/types\/product"}],"replies":[{"embeddable":true,"href":"https:\/\/variacurtainpoles.uk\/hu\/wp-json\/wp\/v2\/comments?post=12470"}],"wp:featuredmedia":[{"embeddable":true,"href":"https:\/\/variacurtainpoles.uk\/hu\/wp-json\/wp\/v2\/media\/12424"}],"wp:attachment":[{"href":"https:\/\/variacurtainpoles.uk\/hu\/wp-json\/wp\/v2\/media?parent=12470"}],"wp:term":[{"taxonomy":"product_cat","embeddable":true,"href":"https:\/\/variacurtainpoles.uk\/hu\/wp-json\/wp\/v2\/product_cat?post=12470"},{"taxonomy":"product_tag","embeddable":true,"href":"https:\/\/variacurtainpoles.uk\/hu\/wp-json\/wp\/v2\/product_tag?post=12470"}],"curies":[{"name":"wp","href":"https:\/\/api.w.org\/{rel}","templated":true}]}}