{"id":12466,"date":"2016-11-08T09:14:05","date_gmt":"2016-11-08T09:14:05","guid":{"rendered":"http:\/\/variacurtainpoles.uk\/product\/gond-boule-2008-2010\/"},"modified":"2020-05-28T05:52:38","modified_gmt":"2020-05-28T05:52:38","slug":"gond-boule-2008-2010","status":"publish","type":"product","link":"https:\/\/variacurtainpoles.uk\/hu\/termek\/gond-boule-2008-2010\/","title":{"rendered":"Gond Boule 2008-2010"},"content":{"rendered":"<p><strong>F\u00fcgg\u00f6ny elk\u00f6t\u0151 kamp\u00f3<br \/>\n<\/strong><br \/>\nL. 5, 8, 11 cm<br \/>\nL. 2 &quot;, 3 1\/6&quot;, 4 1\/3 &quot;<\/p>","protected":false},"excerpt":{"rendered":"<p><strong>F\u00fcgg\u00f6ny elk\u00f6t\u0151 kamp\u00f3<br \/>\n<\/strong><br \/>\nL. 5, 8, 11 cm<br \/>\nL. 2 &quot;, 3 1\/6&quot;, 4 1\/3 &quot;<\/p>\n<p>&nbsp;<\/p>","protected":false},"featured_media":12403,"comment_status":"closed","ping_status":"closed","template":"","meta":[],"product_cat":[38,80],"product_tag":[],"_links":{"self":[{"href":"https:\/\/variacurtainpoles.uk\/hu\/wp-json\/wp\/v2\/product\/12466"}],"collection":[{"href":"https:\/\/variacurtainpoles.uk\/hu\/wp-json\/wp\/v2\/product"}],"about":[{"href":"https:\/\/variacurtainpoles.uk\/hu\/wp-json\/wp\/v2\/types\/product"}],"replies":[{"embeddable":true,"href":"https:\/\/variacurtainpoles.uk\/hu\/wp-json\/wp\/v2\/comments?post=12466"}],"wp:featuredmedia":[{"embeddable":true,"href":"https:\/\/variacurtainpoles.uk\/hu\/wp-json\/wp\/v2\/media\/12403"}],"wp:attachment":[{"href":"https:\/\/variacurtainpoles.uk\/hu\/wp-json\/wp\/v2\/media?parent=12466"}],"wp:term":[{"taxonomy":"product_cat","embeddable":true,"href":"https:\/\/variacurtainpoles.uk\/hu\/wp-json\/wp\/v2\/product_cat?post=12466"},{"taxonomy":"product_tag","embeddable":true,"href":"https:\/\/variacurtainpoles.uk\/hu\/wp-json\/wp\/v2\/product_tag?post=12466"}],"curies":[{"name":"wp","href":"https:\/\/api.w.org\/{rel}","templated":true}]}}