{"id":12463,"date":"2016-11-08T08:59:50","date_gmt":"2016-11-08T08:59:50","guid":{"rendered":"http:\/\/variacurtainpoles.uk\/product\/gond-crosse-70605-70615\/"},"modified":"2016-12-07T11:30:46","modified_gmt":"2016-12-07T11:30:46","slug":"gond-crosse-70605-70615","status":"publish","type":"product","link":"https:\/\/variacurtainpoles.uk\/hu\/termek\/gond-crosse-70605-70615\/","title":{"rendered":"Gond Crosse 70605-70615"},"content":{"rendered":"<p><strong>F\u00fcgg\u00f6ny elk\u00f6t\u0151 kamp\u00f3<br \/>\nGond Crosse 70605-70615<\/strong><br \/>\nL. 5, 8, 11, 15 cm<br \/>\nL. 2 &quot;, 3 1\/6&quot;, 4 1\/3 &quot;, 6&quot;<\/p>","protected":false},"excerpt":{"rendered":"<p><strong>F\u00fcgg\u00f6ny elk\u00f6t\u0151 kamp\u00f3<br \/>\nGond Crosse 70605-70615<\/strong><br \/>\nL. 5, 8, 11, 15 cm<br \/>\nL. 2 &quot;, 3 1\/6&quot;, 4 1\/3 &quot;, 6&quot;<\/p>\n<p>&nbsp;<\/p>","protected":false},"featured_media":12396,"comment_status":"closed","ping_status":"closed","template":"","meta":[],"product_cat":[38,80],"product_tag":[],"_links":{"self":[{"href":"https:\/\/variacurtainpoles.uk\/hu\/wp-json\/wp\/v2\/product\/12463"}],"collection":[{"href":"https:\/\/variacurtainpoles.uk\/hu\/wp-json\/wp\/v2\/product"}],"about":[{"href":"https:\/\/variacurtainpoles.uk\/hu\/wp-json\/wp\/v2\/types\/product"}],"replies":[{"embeddable":true,"href":"https:\/\/variacurtainpoles.uk\/hu\/wp-json\/wp\/v2\/comments?post=12463"}],"wp:featuredmedia":[{"embeddable":true,"href":"https:\/\/variacurtainpoles.uk\/hu\/wp-json\/wp\/v2\/media\/12396"}],"wp:attachment":[{"href":"https:\/\/variacurtainpoles.uk\/hu\/wp-json\/wp\/v2\/media?parent=12463"}],"wp:term":[{"taxonomy":"product_cat","embeddable":true,"href":"https:\/\/variacurtainpoles.uk\/hu\/wp-json\/wp\/v2\/product_cat?post=12463"},{"taxonomy":"product_tag","embeddable":true,"href":"https:\/\/variacurtainpoles.uk\/hu\/wp-json\/wp\/v2\/product_tag?post=12463"}],"curies":[{"name":"wp","href":"https:\/\/api.w.org\/{rel}","templated":true}]}}