{"id":12440,"date":"2016-11-07T16:26:11","date_gmt":"2016-11-07T16:26:11","guid":{"rendered":"http:\/\/variacurtainpoles.uk\/product\/embrace-brass-560\/"},"modified":"2020-05-28T05:27:01","modified_gmt":"2020-05-28T05:27:01","slug":"embrace-brass-560","status":"publish","type":"product","link":"https:\/\/variacurtainpoles.uk\/hu\/termek\/embrace-brass-560\/","title":{"rendered":"Elk\u00f6t\u0151 kamp\u00f3, s\u00e1rgar\u00e9z 560"},"content":{"rendered":"<p><strong>560<\/strong><br \/>\nL. 38cm, 15 &quot;<\/p>","protected":false},"excerpt":{"rendered":"<p><strong>560<\/strong><br \/>\nL. 38 cm, 15 &quot;<\/p>","protected":false},"featured_media":12411,"comment_status":"closed","ping_status":"closed","template":"","meta":[],"product_cat":[38,117],"product_tag":[],"_links":{"self":[{"href":"https:\/\/variacurtainpoles.uk\/hu\/wp-json\/wp\/v2\/product\/12440"}],"collection":[{"href":"https:\/\/variacurtainpoles.uk\/hu\/wp-json\/wp\/v2\/product"}],"about":[{"href":"https:\/\/variacurtainpoles.uk\/hu\/wp-json\/wp\/v2\/types\/product"}],"replies":[{"embeddable":true,"href":"https:\/\/variacurtainpoles.uk\/hu\/wp-json\/wp\/v2\/comments?post=12440"}],"wp:featuredmedia":[{"embeddable":true,"href":"https:\/\/variacurtainpoles.uk\/hu\/wp-json\/wp\/v2\/media\/12411"}],"wp:attachment":[{"href":"https:\/\/variacurtainpoles.uk\/hu\/wp-json\/wp\/v2\/media?parent=12440"}],"wp:term":[{"taxonomy":"product_cat","embeddable":true,"href":"https:\/\/variacurtainpoles.uk\/hu\/wp-json\/wp\/v2\/product_cat?post=12440"},{"taxonomy":"product_tag","embeddable":true,"href":"https:\/\/variacurtainpoles.uk\/hu\/wp-json\/wp\/v2\/product_tag?post=12440"}],"curies":[{"name":"wp","href":"https:\/\/api.w.org\/{rel}","templated":true}]}}