{"id":12438,"date":"2016-11-07T16:11:58","date_gmt":"2016-11-07T16:11:58","guid":{"rendered":"http:\/\/variacurtainpoles.uk\/product\/embraces-brass-841\/"},"modified":"2020-05-28T05:27:47","modified_gmt":"2020-05-28T05:27:47","slug":"embraces-brass-841","status":"publish","type":"product","link":"https:\/\/variacurtainpoles.uk\/hu\/termek\/embraces-brass-841\/","title":{"rendered":"Elk\u00f6t\u0151 kamp\u00f3 841"},"content":{"rendered":"<p><strong>841<\/strong><br \/>\nL. 32 cm, 12 5\/8 &quot;<\/p>","protected":false},"excerpt":{"rendered":"<p><strong>841<\/strong><br \/>\nL. 32 cm, 12 5\/8 \u201c<\/p>","protected":false},"featured_media":12443,"comment_status":"closed","ping_status":"closed","template":"","meta":[],"product_cat":[38,117],"product_tag":[],"_links":{"self":[{"href":"https:\/\/variacurtainpoles.uk\/hu\/wp-json\/wp\/v2\/product\/12438"}],"collection":[{"href":"https:\/\/variacurtainpoles.uk\/hu\/wp-json\/wp\/v2\/product"}],"about":[{"href":"https:\/\/variacurtainpoles.uk\/hu\/wp-json\/wp\/v2\/types\/product"}],"replies":[{"embeddable":true,"href":"https:\/\/variacurtainpoles.uk\/hu\/wp-json\/wp\/v2\/comments?post=12438"}],"wp:featuredmedia":[{"embeddable":true,"href":"https:\/\/variacurtainpoles.uk\/hu\/wp-json\/wp\/v2\/media\/12443"}],"wp:attachment":[{"href":"https:\/\/variacurtainpoles.uk\/hu\/wp-json\/wp\/v2\/media?parent=12438"}],"wp:term":[{"taxonomy":"product_cat","embeddable":true,"href":"https:\/\/variacurtainpoles.uk\/hu\/wp-json\/wp\/v2\/product_cat?post=12438"},{"taxonomy":"product_tag","embeddable":true,"href":"https:\/\/variacurtainpoles.uk\/hu\/wp-json\/wp\/v2\/product_tag?post=12438"}],"curies":[{"name":"wp","href":"https:\/\/api.w.org\/{rel}","templated":true}]}}