{"id":12437,"date":"2016-11-07T16:09:01","date_gmt":"2016-11-07T16:09:01","guid":{"rendered":"http:\/\/variacurtainpoles.uk\/product\/tieback-brass-1630\/"},"modified":"2020-05-28T05:28:17","modified_gmt":"2020-05-28T05:28:17","slug":"tieback-brass-1630","status":"publish","type":"product","link":"https:\/\/variacurtainpoles.uk\/hu\/termek\/tieback-brass-1630\/","title":{"rendered":"Elk\u00f6t\u0151, s\u00e1rgar\u00e9z 1630"},"content":{"rendered":"<p><strong>1630<\/strong><br \/>\nL. 11 cm, 4 1\/3 \u2033<br \/>\n\u00d8 9 cm, 3 1\/2 \u2033<\/p>","protected":false},"excerpt":{"rendered":"<p><strong>1630<\/strong><br \/>\nL. 11cm, 4 1\/3 \u201c<br \/>\n\u00d8 9 cm, 3 1\/2 \u201c<\/p>","protected":false},"featured_media":12528,"comment_status":"closed","ping_status":"closed","template":"","meta":[],"product_cat":[38,80],"product_tag":[],"_links":{"self":[{"href":"https:\/\/variacurtainpoles.uk\/hu\/wp-json\/wp\/v2\/product\/12437"}],"collection":[{"href":"https:\/\/variacurtainpoles.uk\/hu\/wp-json\/wp\/v2\/product"}],"about":[{"href":"https:\/\/variacurtainpoles.uk\/hu\/wp-json\/wp\/v2\/types\/product"}],"replies":[{"embeddable":true,"href":"https:\/\/variacurtainpoles.uk\/hu\/wp-json\/wp\/v2\/comments?post=12437"}],"wp:featuredmedia":[{"embeddable":true,"href":"https:\/\/variacurtainpoles.uk\/hu\/wp-json\/wp\/v2\/media\/12528"}],"wp:attachment":[{"href":"https:\/\/variacurtainpoles.uk\/hu\/wp-json\/wp\/v2\/media?parent=12437"}],"wp:term":[{"taxonomy":"product_cat","embeddable":true,"href":"https:\/\/variacurtainpoles.uk\/hu\/wp-json\/wp\/v2\/product_cat?post=12437"},{"taxonomy":"product_tag","embeddable":true,"href":"https:\/\/variacurtainpoles.uk\/hu\/wp-json\/wp\/v2\/product_tag?post=12437"}],"curies":[{"name":"wp","href":"https:\/\/api.w.org\/{rel}","templated":true}]}}