{"id":12386,"date":"2016-11-03T13:20:48","date_gmt":"2016-11-03T13:20:48","guid":{"rendered":"http:\/\/variacurtainpoles.uk\/product\/tieback-brass-2554\/"},"modified":"2020-05-28T05:30:09","modified_gmt":"2020-05-28T05:30:09","slug":"tieback-brass-2554","status":"publish","type":"product","link":"https:\/\/variacurtainpoles.uk\/hu\/termek\/tieback-brass-2554\/","title":{"rendered":"Elk\u00f6t\u0151, Empire 2554-2555"},"content":{"rendered":"<p><strong>Elk\u00f6t\u0151, Empire<\/strong><\/p>\n<p><strong>2555<\/strong><br \/>\nL. 11 cm, 4 1\/3 \u2033<br \/>\n\u00d8 10 cm, 4 &quot;<\/p>\n<p><strong>2554<\/strong><br \/>\nL. 11 cm, 4 1\/3 \u2033<br \/>\n\u00d8 9 cm, 3 1\/2 \u2033<\/p>","protected":false},"excerpt":{"rendered":"<p><strong>Elk\u00f6t\u0151, Empire<\/strong><\/p>\n<p><strong>2555<\/strong><br \/>\nL. 11cm, 4 1\/3 \u201c<br \/>\n\u00d8 10 cm, 4 \u201c<\/p>\n<p><strong>2554<\/strong><br \/>\nL. 11cm, 4 1\/3 \u201c<br \/>\n\u00d8 9 cm, 3 1\/2 \u201c<\/p>","protected":false},"featured_media":12377,"comment_status":"closed","ping_status":"closed","template":"","meta":[],"product_cat":[38,80],"product_tag":[],"_links":{"self":[{"href":"https:\/\/variacurtainpoles.uk\/hu\/wp-json\/wp\/v2\/product\/12386"}],"collection":[{"href":"https:\/\/variacurtainpoles.uk\/hu\/wp-json\/wp\/v2\/product"}],"about":[{"href":"https:\/\/variacurtainpoles.uk\/hu\/wp-json\/wp\/v2\/types\/product"}],"replies":[{"embeddable":true,"href":"https:\/\/variacurtainpoles.uk\/hu\/wp-json\/wp\/v2\/comments?post=12386"}],"wp:featuredmedia":[{"embeddable":true,"href":"https:\/\/variacurtainpoles.uk\/hu\/wp-json\/wp\/v2\/media\/12377"}],"wp:attachment":[{"href":"https:\/\/variacurtainpoles.uk\/hu\/wp-json\/wp\/v2\/media?parent=12386"}],"wp:term":[{"taxonomy":"product_cat","embeddable":true,"href":"https:\/\/variacurtainpoles.uk\/hu\/wp-json\/wp\/v2\/product_cat?post=12386"},{"taxonomy":"product_tag","embeddable":true,"href":"https:\/\/variacurtainpoles.uk\/hu\/wp-json\/wp\/v2\/product_tag?post=12386"}],"curies":[{"name":"wp","href":"https:\/\/api.w.org\/{rel}","templated":true}]}}