{"id":12385,"date":"2016-11-03T13:12:02","date_gmt":"2016-11-03T13:12:02","guid":{"rendered":"http:\/\/variacurtainpoles.uk\/product\/tieback-brass-1629\/"},"modified":"2020-05-28T05:35:21","modified_gmt":"2020-05-28T05:35:21","slug":"tieback-brass-1629","status":"publish","type":"product","link":"https:\/\/variacurtainpoles.uk\/hu\/termek\/tieback-brass-1629\/","title":{"rendered":"Elk\u00f6t\u0151, s\u00e1rgar\u00e9z 1629"},"content":{"rendered":"<p><strong>1629<\/strong><br \/>\nL. 11 cm, 4 1\/3 \u2033<br \/>\n\u00d8 9 cm, 3 1\/2 \u2033<\/p>","protected":false},"excerpt":{"rendered":"<p><strong>1629<\/strong><br \/>\nL. 11 cm, 4 1\/3 \u2033<br \/>\n\u00d8 9 cm, 3 1\/2 \u2033<\/p>","protected":false},"featured_media":12370,"comment_status":"closed","ping_status":"closed","template":"","meta":[],"product_cat":[38,80],"product_tag":[],"_links":{"self":[{"href":"https:\/\/variacurtainpoles.uk\/hu\/wp-json\/wp\/v2\/product\/12385"}],"collection":[{"href":"https:\/\/variacurtainpoles.uk\/hu\/wp-json\/wp\/v2\/product"}],"about":[{"href":"https:\/\/variacurtainpoles.uk\/hu\/wp-json\/wp\/v2\/types\/product"}],"replies":[{"embeddable":true,"href":"https:\/\/variacurtainpoles.uk\/hu\/wp-json\/wp\/v2\/comments?post=12385"}],"wp:featuredmedia":[{"embeddable":true,"href":"https:\/\/variacurtainpoles.uk\/hu\/wp-json\/wp\/v2\/media\/12370"}],"wp:attachment":[{"href":"https:\/\/variacurtainpoles.uk\/hu\/wp-json\/wp\/v2\/media?parent=12385"}],"wp:term":[{"taxonomy":"product_cat","embeddable":true,"href":"https:\/\/variacurtainpoles.uk\/hu\/wp-json\/wp\/v2\/product_cat?post=12385"},{"taxonomy":"product_tag","embeddable":true,"href":"https:\/\/variacurtainpoles.uk\/hu\/wp-json\/wp\/v2\/product_tag?post=12385"}],"curies":[{"name":"wp","href":"https:\/\/api.w.org\/{rel}","templated":true}]}}