{"id":12241,"date":"2016-09-01T15:34:30","date_gmt":"2016-09-01T15:34:30","guid":{"rendered":"http:\/\/variacurtainpoles.uk\/product\/curtain-rod-iron\/"},"modified":"2016-12-07T09:16:53","modified_gmt":"2016-12-07T09:16:53","slug":"curtain-rod-iron","status":"publish","type":"product","link":"https:\/\/variacurtainpoles.uk\/hu\/termek\/curtain-rod-iron\/","title":{"rendered":"Vas r\u00fad"},"content":{"rendered":"<p><strong>Anyaga: vas<br \/>\nFel\u00fclet: <\/strong>sima<strong><br \/>\nModell: <\/strong>teljesen kerek<\/p>\n<p><strong>\u00c1tm\u00e9r\u0151:<\/strong><\/p>\n<ul>\n<li><strong>\u00f8 13mm (1\/2 &quot;)<\/strong><br \/>\n\u2013 ref. sz. 1540<\/li>\n<\/ul>","protected":false},"excerpt":{"rendered":"<p><strong>Anyaga: vas<br \/>\nFel\u00fclet: <\/strong>sima<strong><br \/>\nModell: <\/strong>teljesen kerek<\/p>\n<p><strong>\u00c1tm\u00e9r\u0151:<\/strong><\/p>\n<ul>\n<li><strong>\u00f8 13mm (1\/2 &quot;)<\/strong><br \/>\n\u2013 ref. sz. 1540<\/li>\n<\/ul>","protected":false},"featured_media":12242,"comment_status":"closed","ping_status":"closed","template":"","meta":[],"product_cat":[96,115,114,123],"product_tag":[99],"_links":{"self":[{"href":"https:\/\/variacurtainpoles.uk\/hu\/wp-json\/wp\/v2\/product\/12241"}],"collection":[{"href":"https:\/\/variacurtainpoles.uk\/hu\/wp-json\/wp\/v2\/product"}],"about":[{"href":"https:\/\/variacurtainpoles.uk\/hu\/wp-json\/wp\/v2\/types\/product"}],"replies":[{"embeddable":true,"href":"https:\/\/variacurtainpoles.uk\/hu\/wp-json\/wp\/v2\/comments?post=12241"}],"wp:featuredmedia":[{"embeddable":true,"href":"https:\/\/variacurtainpoles.uk\/hu\/wp-json\/wp\/v2\/media\/12242"}],"wp:attachment":[{"href":"https:\/\/variacurtainpoles.uk\/hu\/wp-json\/wp\/v2\/media?parent=12241"}],"wp:term":[{"taxonomy":"product_cat","embeddable":true,"href":"https:\/\/variacurtainpoles.uk\/hu\/wp-json\/wp\/v2\/product_cat?post=12241"},{"taxonomy":"product_tag","embeddable":true,"href":"https:\/\/variacurtainpoles.uk\/hu\/wp-json\/wp\/v2\/product_tag?post=12241"}],"curies":[{"name":"wp","href":"https:\/\/api.w.org\/{rel}","templated":true}]}}