{"id":12203,"date":"2016-07-05T10:25:47","date_gmt":"2016-07-05T10:25:47","guid":{"rendered":"http:\/\/variacurtainpoles.uk\/product\/binder-wood-finishes\/"},"modified":"2018-01-28T13:19:50","modified_gmt":"2018-01-28T13:19:50","slug":"binder-wood-finishes","status":"publish","type":"product","link":"https:\/\/variacurtainpoles.uk\/hu\/termek\/binder-wood-finishes\/","title":{"rendered":"R\u00fadkarnis faanyag bemutat\u00f3k\u00f6nyv"},"content":{"rendered":"<p>R\u00fadkarnis faanyag bemutat\u00f3 k\u00f6nyv<em><br \/>\n<\/em><\/p>","protected":false},"excerpt":{"rendered":"<p>R\u00fadkarnis faanyag bemutat\u00f3 k\u00f6nyv<em><br \/>\n<\/em><\/p>","protected":false},"featured_media":12201,"comment_status":"closed","ping_status":"closed","template":"","meta":[],"product_cat":[112],"product_tag":[113],"_links":{"self":[{"href":"https:\/\/variacurtainpoles.uk\/hu\/wp-json\/wp\/v2\/product\/12203"}],"collection":[{"href":"https:\/\/variacurtainpoles.uk\/hu\/wp-json\/wp\/v2\/product"}],"about":[{"href":"https:\/\/variacurtainpoles.uk\/hu\/wp-json\/wp\/v2\/types\/product"}],"replies":[{"embeddable":true,"href":"https:\/\/variacurtainpoles.uk\/hu\/wp-json\/wp\/v2\/comments?post=12203"}],"wp:featuredmedia":[{"embeddable":true,"href":"https:\/\/variacurtainpoles.uk\/hu\/wp-json\/wp\/v2\/media\/12201"}],"wp:attachment":[{"href":"https:\/\/variacurtainpoles.uk\/hu\/wp-json\/wp\/v2\/media?parent=12203"}],"wp:term":[{"taxonomy":"product_cat","embeddable":true,"href":"https:\/\/variacurtainpoles.uk\/hu\/wp-json\/wp\/v2\/product_cat?post=12203"},{"taxonomy":"product_tag","embeddable":true,"href":"https:\/\/variacurtainpoles.uk\/hu\/wp-json\/wp\/v2\/product_tag?post=12203"}],"curies":[{"name":"wp","href":"https:\/\/api.w.org\/{rel}","templated":true}]}}