{"id":12168,"date":"2016-07-01T13:52:56","date_gmt":"2016-07-01T13:52:56","guid":{"rendered":"http:\/\/variacurtainpoles.uk\/product\/profile-brass-smooth-full-round\/"},"modified":"2017-01-25T08:49:21","modified_gmt":"2017-01-25T08:49:21","slug":"profile-brass-smooth-full-round","status":"publish","type":"product","link":"https:\/\/variacurtainpoles.uk\/hu\/termek\/profile-brass-smooth-full-round\/","title":{"rendered":"S\u00e1rgar\u00e9z profil - sima fel\u00fclet\u0171, teljesen kerek"},"content":{"rendered":"<p><strong>Anyaga: s\u00e1rgar\u00e9z<br \/>\nFel\u00fclet: <\/strong>sima<strong><br \/>\nModell: <\/strong>teljesen kerek<\/p>\n<p><strong>\u00c1tm\u00e9r\u0151:<\/strong><\/p>\n<ul>\n<li><strong>\u00f8 30mm (1 1\/5 \u2033)<\/strong><br \/>\n\u2013 ref. sz. 193002<\/li>\n<li><strong>\u00f8 40mm (2 1\/3 \u2033)<\/strong><br \/>\n\u2013 ref. sz. 20002<\/li>\n<li><strong>\u00f8 50mm (3 1\/4 \u2033)<\/strong><br \/>\n\u2013 ref. sz. 195002<\/li>\n<\/ul>","protected":false},"excerpt":{"rendered":"<p><strong>Anyaga: s\u00e1rgar\u00e9z<br \/>\nFel\u00fclet: <\/strong>sima<strong><br \/>\nModell: <\/strong>teljesen kerek<\/p>\n<p><strong>\u00c1tm\u00e9r\u0151:<\/strong><\/p>\n<ul>\n<li><strong>\u00f8 30mm (1 1\/5 \u2033)<\/strong><br \/>\n\u2013 ref. sz. 193002<\/li>\n<li><strong>\u00f8 40mm (2 1\/3 \u2033)<\/strong><br \/>\n\u2013 ref. sz. 20002<\/li>\n<li><strong>\u00f8 50mm (3 1\/4 \u2033)<\/strong><br \/>\n\u2013 ref. sz. 195002<\/li>\n<\/ul>\n<p>&nbsp;<\/p>","protected":false},"featured_media":12145,"comment_status":"closed","ping_status":"closed","template":"","meta":[],"product_cat":[96,106,101,102,103],"product_tag":[99],"_links":{"self":[{"href":"https:\/\/variacurtainpoles.uk\/hu\/wp-json\/wp\/v2\/product\/12168"}],"collection":[{"href":"https:\/\/variacurtainpoles.uk\/hu\/wp-json\/wp\/v2\/product"}],"about":[{"href":"https:\/\/variacurtainpoles.uk\/hu\/wp-json\/wp\/v2\/types\/product"}],"replies":[{"embeddable":true,"href":"https:\/\/variacurtainpoles.uk\/hu\/wp-json\/wp\/v2\/comments?post=12168"}],"wp:featuredmedia":[{"embeddable":true,"href":"https:\/\/variacurtainpoles.uk\/hu\/wp-json\/wp\/v2\/media\/12145"}],"wp:attachment":[{"href":"https:\/\/variacurtainpoles.uk\/hu\/wp-json\/wp\/v2\/media?parent=12168"}],"wp:term":[{"taxonomy":"product_cat","embeddable":true,"href":"https:\/\/variacurtainpoles.uk\/hu\/wp-json\/wp\/v2\/product_cat?post=12168"},{"taxonomy":"product_tag","embeddable":true,"href":"https:\/\/variacurtainpoles.uk\/hu\/wp-json\/wp\/v2\/product_tag?post=12168"}],"curies":[{"name":"wp","href":"https:\/\/api.w.org\/{rel}","templated":true}]}}