{"id":12166,"date":"2016-07-01T13:46:33","date_gmt":"2016-07-01T13:46:33","guid":{"rendered":"http:\/\/variacurtainpoles.uk\/product\/profile-brass-fluted-with-14-waves-full-round\/"},"modified":"2017-01-25T08:52:15","modified_gmt":"2017-01-25T08:52:15","slug":"profile-brass-fluted-with-14-waves-full-round","status":"publish","type":"product","link":"https:\/\/variacurtainpoles.uk\/hu\/termek\/profile-brass-fluted-with-14-waves-full-round\/","title":{"rendered":"S\u00e1rgar\u00e9z profil - bord\u00e1zott, 14 hull\u00e1mmal, teljesen kerek"},"content":{"rendered":"<p><strong>Anyaga: <\/strong>s\u00e1rgar\u00e9z<strong><br \/>\nFel\u00fclet: <\/strong>bord\u00e1zott<strong>, <\/strong>14 hull\u00e1m<strong><br \/>\nModell: <\/strong>teljesen kerek<\/p>\n<p><strong>\u00c1tm\u00e9r\u0151:<\/strong><\/p>\n<ul>\n<li><strong>\u00f8 50mm (3 1\/4 \u2033)<\/strong><br \/>\n\u2013 ref. sz. 195001<\/li>\n<\/ul>","protected":false},"excerpt":{"rendered":"<p><strong>Anyaga: <\/strong>s\u00e1rgar\u00e9z<strong><br \/>\nFel\u00fclet: <\/strong>bord\u00e1zott<strong>, <\/strong>14 hull\u00e1m<strong><br \/>\nModell: <\/strong>teljesen kerek<\/p>\n<p><strong>\u00c1tm\u00e9r\u0151:<\/strong><\/p>\n<ul>\n<li><strong>\u00f8 50mm (3 1\/4 \u2033)<\/strong><br \/>\n\u2013 ref. sz. 195001<\/li>\n<\/ul>\n<p>&nbsp;<\/p>","protected":false},"featured_media":12148,"comment_status":"closed","ping_status":"closed","template":"","meta":[],"product_cat":[96,106,103],"product_tag":[99],"_links":{"self":[{"href":"https:\/\/variacurtainpoles.uk\/hu\/wp-json\/wp\/v2\/product\/12166"}],"collection":[{"href":"https:\/\/variacurtainpoles.uk\/hu\/wp-json\/wp\/v2\/product"}],"about":[{"href":"https:\/\/variacurtainpoles.uk\/hu\/wp-json\/wp\/v2\/types\/product"}],"replies":[{"embeddable":true,"href":"https:\/\/variacurtainpoles.uk\/hu\/wp-json\/wp\/v2\/comments?post=12166"}],"wp:featuredmedia":[{"embeddable":true,"href":"https:\/\/variacurtainpoles.uk\/hu\/wp-json\/wp\/v2\/media\/12148"}],"wp:attachment":[{"href":"https:\/\/variacurtainpoles.uk\/hu\/wp-json\/wp\/v2\/media?parent=12166"}],"wp:term":[{"taxonomy":"product_cat","embeddable":true,"href":"https:\/\/variacurtainpoles.uk\/hu\/wp-json\/wp\/v2\/product_cat?post=12166"},{"taxonomy":"product_tag","embeddable":true,"href":"https:\/\/variacurtainpoles.uk\/hu\/wp-json\/wp\/v2\/product_tag?post=12166"}],"curies":[{"name":"wp","href":"https:\/\/api.w.org\/{rel}","templated":true}]}}