{"id":12160,"date":"2016-07-01T07:21:31","date_gmt":"2016-07-01T07:21:31","guid":{"rendered":"http:\/\/variacurtainpoles.uk\/product\/profile-brass-fluted-with-a-pull-cord\/"},"modified":"2017-01-25T08:58:32","modified_gmt":"2017-01-25T08:58:32","slug":"profile-brass-fluted-with-a-pull-cord","status":"publish","type":"product","link":"https:\/\/variacurtainpoles.uk\/hu\/termek\/profile-brass-fluted-with-a-pull-cord\/","title":{"rendered":"S\u00e1rgar\u00e9z profil - bord\u00e1zott, zsin\u00f3ros"},"content":{"rendered":"<p><strong>Anyaga: <\/strong>s\u00e1rgar\u00e9z<strong><br \/>\nFel\u00fclet: <\/strong>bord\u00e1zott<strong><br \/>\nModell: <\/strong>zsin\u00f3ros<\/p>\n<p><strong>\u00c1tm\u00e9r\u0151:<\/strong><\/p>\n<ul>\n<li><strong>\u00f8 40mm (2 1\/3 \u2033)<\/strong><br \/>\n\u2013 ref. sz. 194001<\/li>\n<\/ul>","protected":false},"excerpt":{"rendered":"<p><strong>Anyaga: <\/strong>s\u00e1rgar\u00e9z<strong><br \/>\nFel\u00fclet: <\/strong>bord\u00e1zott<strong><br \/>\nModell: <\/strong>zsin\u00f3ros<\/p>\n<p><strong>\u00c1tm\u00e9r\u0151:<\/strong><\/p>\n<ul>\n<li><strong>\u00f8 40mm (2 1\/3 \u2033)<\/strong><br \/>\n\u2013 ref. sz. 194001<\/li>\n<\/ul>\n<p>&nbsp;<\/p>","protected":false},"featured_media":12146,"comment_status":"closed","ping_status":"closed","template":"","meta":[],"product_cat":[96,106,102],"product_tag":[99],"_links":{"self":[{"href":"https:\/\/variacurtainpoles.uk\/hu\/wp-json\/wp\/v2\/product\/12160"}],"collection":[{"href":"https:\/\/variacurtainpoles.uk\/hu\/wp-json\/wp\/v2\/product"}],"about":[{"href":"https:\/\/variacurtainpoles.uk\/hu\/wp-json\/wp\/v2\/types\/product"}],"replies":[{"embeddable":true,"href":"https:\/\/variacurtainpoles.uk\/hu\/wp-json\/wp\/v2\/comments?post=12160"}],"wp:featuredmedia":[{"embeddable":true,"href":"https:\/\/variacurtainpoles.uk\/hu\/wp-json\/wp\/v2\/media\/12146"}],"wp:attachment":[{"href":"https:\/\/variacurtainpoles.uk\/hu\/wp-json\/wp\/v2\/media?parent=12160"}],"wp:term":[{"taxonomy":"product_cat","embeddable":true,"href":"https:\/\/variacurtainpoles.uk\/hu\/wp-json\/wp\/v2\/product_cat?post=12160"},{"taxonomy":"product_tag","embeddable":true,"href":"https:\/\/variacurtainpoles.uk\/hu\/wp-json\/wp\/v2\/product_tag?post=12160"}],"curies":[{"name":"wp","href":"https:\/\/api.w.org\/{rel}","templated":true}]}}