{"id":12156,"date":"2016-07-01T06:58:54","date_gmt":"2016-07-01T06:58:54","guid":{"rendered":"http:\/\/variacurtainpoles.uk\/product\/profile-wood-fluted-with-12-waves-full-round-2\/"},"modified":"2017-01-25T09:05:34","modified_gmt":"2017-01-25T09:05:34","slug":"profile-wood-fluted-with-12-waves-full-round-2","status":"publish","type":"product","link":"https:\/\/variacurtainpoles.uk\/hu\/termek\/profile-wood-fluted-with-12-waves-full-round-2\/","title":{"rendered":"Fa profil - bord\u00e1zott, 12 hull\u00e1mmal, teljesen kerek"},"content":{"rendered":"<p>Minden fatartoz\u00e9kunk szezon\u00e1lis francia erdei f\u00e1kb\u00f3l k\u00e9sz\u00fcl, amelyeket k\u00e9zzel faragtak, majd \u00e9rleltek.<br \/>\nA karnisrudat v\u00e1lassza ki faanyag k\u00edn\u00e1latunkb\u00f3l.<\/p>\n<p><strong>Anyaga: <\/strong>fa<strong><br \/>\nFel\u00fclet: <\/strong>bord\u00e1zott<strong>, <\/strong>12 hull\u00e1m<strong><br \/>\nModell: <\/strong>teljesen kerek<\/p>\n<p><strong>\u00c1tm\u00e9r\u0151:<\/strong><\/p>\n<ul>\n<li><strong>\u00f8 50mm (3 1\/4 \u2033)<\/strong><br \/>\n\u2013 ref. sz. 075001<\/li>\n<\/ul>","protected":false},"excerpt":{"rendered":"<p>Minden fatartoz\u00e9kunk szezon\u00e1lis francia erdei f\u00e1kb\u00f3l k\u00e9sz\u00fcl, amelyeket k\u00e9zzel faragtak, majd \u00e9rleltek.<br \/>\nA karnisrudat v\u00e1lassza ki faanyag k\u00edn\u00e1latunkb\u00f3l.<\/p>\n<p><strong>Anyaga: <\/strong>fa<strong><br \/>\nFel\u00fclet: <\/strong>bord\u00e1zott<strong>, <\/strong>12 hull\u00e1m<strong><br \/>\nModell: <\/strong>teljesen kerek<\/p>\n<p><strong>\u00c1tm\u00e9r\u0151:<\/strong><\/p>\n<ul>\n<li><strong>\u00f8 50mm (3 1\/4 \u2033)<\/strong><br \/>\n\u2013 ref. sz. 075001<\/li>\n<\/ul>\n<p>&nbsp;<\/p>","protected":false},"featured_media":12141,"comment_status":"closed","ping_status":"closed","template":"","meta":[],"product_cat":[96,105,103],"product_tag":[99],"_links":{"self":[{"href":"https:\/\/variacurtainpoles.uk\/hu\/wp-json\/wp\/v2\/product\/12156"}],"collection":[{"href":"https:\/\/variacurtainpoles.uk\/hu\/wp-json\/wp\/v2\/product"}],"about":[{"href":"https:\/\/variacurtainpoles.uk\/hu\/wp-json\/wp\/v2\/types\/product"}],"replies":[{"embeddable":true,"href":"https:\/\/variacurtainpoles.uk\/hu\/wp-json\/wp\/v2\/comments?post=12156"}],"wp:featuredmedia":[{"embeddable":true,"href":"https:\/\/variacurtainpoles.uk\/hu\/wp-json\/wp\/v2\/media\/12141"}],"wp:attachment":[{"href":"https:\/\/variacurtainpoles.uk\/hu\/wp-json\/wp\/v2\/media?parent=12156"}],"wp:term":[{"taxonomy":"product_cat","embeddable":true,"href":"https:\/\/variacurtainpoles.uk\/hu\/wp-json\/wp\/v2\/product_cat?post=12156"},{"taxonomy":"product_tag","embeddable":true,"href":"https:\/\/variacurtainpoles.uk\/hu\/wp-json\/wp\/v2\/product_tag?post=12156"}],"curies":[{"name":"wp","href":"https:\/\/api.w.org\/{rel}","templated":true}]}}