{"id":12132,"date":"2016-06-30T10:03:10","date_gmt":"2016-06-30T10:03:10","guid":{"rendered":"http:\/\/variacurtainpoles.uk\/?post_type=product&#038;p=12132"},"modified":"2017-01-25T17:39:37","modified_gmt":"2017-01-25T17:39:37","slug":"078002-profile-o-80mm-3-14","status":"publish","type":"product","link":"https:\/\/variacurtainpoles.uk\/hu\/termek\/078002-profile-o-80mm-3-14\/","title":{"rendered":"Fa profil - sima fel\u00fclet\u0171, teljesen kerek"},"content":{"rendered":"<p>Minden fatartoz\u00e9kunk szezon\u00e1lis francia erdei f\u00e1kb\u00f3l k\u00e9sz\u00fcl, amelyeket k\u00e9zzel faragtak, majd \u00e9rleltek.<br \/>\nA karnisrudat v\u00e1lassza ki faanyag k\u00edn\u00e1latunkb\u00f3l.<\/p>\n<p><strong>Anyaga: <\/strong>fa<strong><br \/>\nFel\u00fclet: <\/strong>sima<strong><br \/>\nModell: <\/strong>teljesen kerek<\/p>\n<p><strong>\u00c1tm\u00e9r\u0151:<\/strong><\/p>\n<ul>\n<li><strong>\u00f8 20mm (4\/5 \u2033)<\/strong><br \/>\n\u2013 ref. sz. 072002<\/li>\n<li><strong>\u00f8 30mm (1 1\/5 \u2033)<\/strong><br \/>\n\u2013 ref. sz. 073002<\/li>\n<li><strong>\u00f8 40mm (2 1\/3 \u2033)<\/strong><br \/>\n\u2013 ref. sz. 074002<\/li>\n<li><strong>\u00f8 50mm (3 1\/4 \u2033)<\/strong><br \/>\n\u2013 ref. sz. 075002<\/li>\n<li><strong>\u00f8 60mm (1 1\/2 \u2033)<\/strong><br \/>\n\u2013 ref. sz. 076002<\/li>\n<li><strong>\u00f8 80mm (1 1\/2 \u2033)<\/strong><br \/>\n\u2013 ref. sz. 078002<\/li>\n<\/ul>","protected":false},"excerpt":{"rendered":"<p>Minden fatartoz\u00e9kunk szezon\u00e1lis francia erdei f\u00e1kb\u00f3l k\u00e9sz\u00fcl, amelyeket k\u00e9zzel faragtak, majd \u00e9rleltek.<br \/>\nA karnisrudat v\u00e1lassza ki faanyag k\u00edn\u00e1latunkb\u00f3l.<\/p>\n<p><strong>Anyaga: <\/strong>fa<strong><br \/>\nFel\u00fclet: <\/strong>sima<strong><br \/>\nModell: <\/strong>teljesen kerek<\/p>\n<p><strong>\u00c1tm\u00e9r\u0151:<\/strong><\/p>\n<ul>\n<li><strong>\u00f8 20mm (4\/5 \u2033)<\/strong><br \/>\n\u2013 ref. sz. 072002<\/li>\n<li><strong>\u00f8 30mm (1 1\/5 \u2033)<\/strong><br \/>\n\u2013 ref. sz. 073002<\/li>\n<li><strong>\u00f8 40mm (2 1\/3 \u2033)<\/strong><br \/>\n\u2013 ref. sz. 074002<\/li>\n<li><strong>\u00f8 50mm (3 1\/4 \u2033)<\/strong><br \/>\n\u2013 ref. sz. 075002<\/li>\n<li><strong>\u00f8 60mm (1 1\/2 \u2033)<\/strong><br \/>\n\u2013 ref. sz. 076002<\/li>\n<li><strong>\u00f8 80mm (1 1\/2 \u2033)<\/strong><br \/>\n\u2013 ref. sz. 078002<\/li>\n<\/ul>\n<p>&nbsp;<\/p>","protected":false},"featured_media":12139,"comment_status":"closed","ping_status":"closed","template":"","meta":[],"product_cat":[96,105,100,101,102,103,104,98],"product_tag":[99],"_links":{"self":[{"href":"https:\/\/variacurtainpoles.uk\/hu\/wp-json\/wp\/v2\/product\/12132"}],"collection":[{"href":"https:\/\/variacurtainpoles.uk\/hu\/wp-json\/wp\/v2\/product"}],"about":[{"href":"https:\/\/variacurtainpoles.uk\/hu\/wp-json\/wp\/v2\/types\/product"}],"replies":[{"embeddable":true,"href":"https:\/\/variacurtainpoles.uk\/hu\/wp-json\/wp\/v2\/comments?post=12132"}],"wp:featuredmedia":[{"embeddable":true,"href":"https:\/\/variacurtainpoles.uk\/hu\/wp-json\/wp\/v2\/media\/12139"}],"wp:attachment":[{"href":"https:\/\/variacurtainpoles.uk\/hu\/wp-json\/wp\/v2\/media?parent=12132"}],"wp:term":[{"taxonomy":"product_cat","embeddable":true,"href":"https:\/\/variacurtainpoles.uk\/hu\/wp-json\/wp\/v2\/product_cat?post=12132"},{"taxonomy":"product_tag","embeddable":true,"href":"https:\/\/variacurtainpoles.uk\/hu\/wp-json\/wp\/v2\/product_tag?post=12132"}],"curies":[{"name":"wp","href":"https:\/\/api.w.org\/{rel}","templated":true}]}}