{"id":12110,"date":"2016-06-29T09:46:28","date_gmt":"2016-06-29T09:46:28","guid":{"rendered":"http:\/\/variacurtainpoles.uk\/?post_type=product&#038;p=12110"},"modified":"2016-11-17T12:06:56","modified_gmt":"2016-11-17T12:06:56","slug":"antique-mahogany-9c","status":"publish","type":"product","link":"https:\/\/variacurtainpoles.uk\/hu\/termek\/antique-mahogany-9c\/","title":{"rendered":"Antik mahag\u00f3ni - 9C"},"content":{"rendered":"<p>Minden fatartoz\u00e9kunk szezon\u00e1lis francia erdei f\u00e1kb\u00f3l k\u00e9sz\u00fcl, amelyeket k\u00e9zzel faragtak, majd \u00e9rleltek.<\/p>\n<p>A faterm\u00e9keket k\u00e9zzel festik \u00e9s ut\u00e1na k\u00e9zzel  m\u00e9hviasszal kezelik, lakkozz\u00e1k vagy aranyozz\u00e1k.<\/p>\n<p>ABC = \u00e1rkateg\u00f3ria<\/p>","protected":false},"excerpt":{"rendered":"<p>Minden fatartoz\u00e9kunk szezon\u00e1lis francia erdei f\u00e1kb\u00f3l k\u00e9sz\u00fcl, amelyeket k\u00e9zzel faragtak, majd \u00e9rleltek.<\/p>\n<p>A faterm\u00e9keket k\u00e9zzel festik \u00e9s ut\u00e1na k\u00e9zzel  m\u00e9hviasszal kezelik, lakkozz\u00e1k vagy aranyozz\u00e1k.<\/p>\n<p>ABC = \u00e1rkateg\u00f3ria<\/p>","protected":false},"featured_media":12083,"comment_status":"open","ping_status":"closed","template":"","meta":[],"product_cat":[61,110],"product_tag":[95],"_links":{"self":[{"href":"https:\/\/variacurtainpoles.uk\/hu\/wp-json\/wp\/v2\/product\/12110"}],"collection":[{"href":"https:\/\/variacurtainpoles.uk\/hu\/wp-json\/wp\/v2\/product"}],"about":[{"href":"https:\/\/variacurtainpoles.uk\/hu\/wp-json\/wp\/v2\/types\/product"}],"replies":[{"embeddable":true,"href":"https:\/\/variacurtainpoles.uk\/hu\/wp-json\/wp\/v2\/comments?post=12110"}],"wp:featuredmedia":[{"embeddable":true,"href":"https:\/\/variacurtainpoles.uk\/hu\/wp-json\/wp\/v2\/media\/12083"}],"wp:attachment":[{"href":"https:\/\/variacurtainpoles.uk\/hu\/wp-json\/wp\/v2\/media?parent=12110"}],"wp:term":[{"taxonomy":"product_cat","embeddable":true,"href":"https:\/\/variacurtainpoles.uk\/hu\/wp-json\/wp\/v2\/product_cat?post=12110"},{"taxonomy":"product_tag","embeddable":true,"href":"https:\/\/variacurtainpoles.uk\/hu\/wp-json\/wp\/v2\/product_tag?post=12110"}],"curies":[{"name":"wp","href":"https:\/\/api.w.org\/{rel}","templated":true}]}}