{"id":12109,"date":"2016-06-29T09:44:44","date_gmt":"2016-06-29T09:44:44","guid":{"rendered":"http:\/\/variacurtainpoles.uk\/?post_type=product&#038;p=12109"},"modified":"2016-11-17T12:08:02","modified_gmt":"2016-11-17T12:08:02","slug":"white-and-gold-8c","status":"publish","type":"product","link":"https:\/\/variacurtainpoles.uk\/hu\/termek\/white-and-gold-8c\/","title":{"rendered":"Feh\u00e9r \u00e9s arany \u2013 8C"},"content":{"rendered":"<p>Minden fatartoz\u00e9kunk szezon\u00e1lis francia erdei f\u00e1kb\u00f3l k\u00e9sz\u00fcl, amelyeket k\u00e9zzel faragtak, majd \u00e9rleltek.<\/p>\n<p>A faterm\u00e9keket k\u00e9zzel festik \u00e9s ut\u00e1na k\u00e9zzel  m\u00e9hviasszal kezelik, lakkozz\u00e1k vagy aranyozz\u00e1k.<\/p>\n<p>ABC = \u00e1rkateg\u00f3ria<\/p>","protected":false},"excerpt":{"rendered":"<p>Minden fatartoz\u00e9kunk szezon\u00e1lis francia erdei f\u00e1kb\u00f3l k\u00e9sz\u00fcl, amelyeket k\u00e9zzel faragtak, majd \u00e9rleltek.<\/p>\n<p>A faterm\u00e9keket k\u00e9zzel festik \u00e9s ut\u00e1na k\u00e9zzel  m\u00e9hviasszal kezelik, lakkozz\u00e1k vagy aranyozz\u00e1k.<\/p>\n<p>ABC = \u00e1rkateg\u00f3ria<\/p>","protected":false},"featured_media":12104,"comment_status":"open","ping_status":"closed","template":"","meta":[],"product_cat":[61,110],"product_tag":[95],"_links":{"self":[{"href":"https:\/\/variacurtainpoles.uk\/hu\/wp-json\/wp\/v2\/product\/12109"}],"collection":[{"href":"https:\/\/variacurtainpoles.uk\/hu\/wp-json\/wp\/v2\/product"}],"about":[{"href":"https:\/\/variacurtainpoles.uk\/hu\/wp-json\/wp\/v2\/types\/product"}],"replies":[{"embeddable":true,"href":"https:\/\/variacurtainpoles.uk\/hu\/wp-json\/wp\/v2\/comments?post=12109"}],"wp:featuredmedia":[{"embeddable":true,"href":"https:\/\/variacurtainpoles.uk\/hu\/wp-json\/wp\/v2\/media\/12104"}],"wp:attachment":[{"href":"https:\/\/variacurtainpoles.uk\/hu\/wp-json\/wp\/v2\/media?parent=12109"}],"wp:term":[{"taxonomy":"product_cat","embeddable":true,"href":"https:\/\/variacurtainpoles.uk\/hu\/wp-json\/wp\/v2\/product_cat?post=12109"},{"taxonomy":"product_tag","embeddable":true,"href":"https:\/\/variacurtainpoles.uk\/hu\/wp-json\/wp\/v2\/product_tag?post=12109"}],"curies":[{"name":"wp","href":"https:\/\/api.w.org\/{rel}","templated":true}]}}