{"id":11962,"date":"2016-05-10T14:35:13","date_gmt":"2016-05-10T14:35:13","guid":{"rendered":"http:\/\/variacurtainpoles.uk\/product\/schmiedeeisen-1543\/"},"modified":"2020-05-25T05:23:50","modified_gmt":"2020-05-25T05:23:50","slug":"schmiedeeisen-1543","status":"publish","type":"product","link":"https:\/\/variacurtainpoles.uk\/hu\/termek\/schmiedeeisen-1543\/","title":{"rendered":"Vas f\u00fcgg\u00f6nyr\u00fad szerelv\u00e9ny 1543"},"content":{"rendered":"<p>Term\u00e9keink nemes alapanyagokb\u00f3l k\u00e9sz\u00fclnek, teljes eg\u00e9sz\u00e9ben k\u00e9zi megmunk\u00e1l\u00e1ssal.<br \/>\nAz \u00d6n \u00e1ltal v\u00e1lasztott sz\u00ednben k\u00e9sz\u00fcl.<\/p>\n<p><strong>Anyag \/ f\u00e9nyk\u00e9p<\/strong><br \/>\nF\u00fcgg\u00f6nyr\u00fad: kov\u00e1csoltvas<\/p>\n<p><strong>F\u00fcgg\u00f6nyr\u00fad \u00f8: <\/strong>13mm (1\/2 &quot;)<\/p>\n<p><strong>V\u00e9gd\u00edsz hossza: <\/strong>25 cm (10 &quot;)<strong><br \/>\n<\/strong><\/p>","protected":false},"excerpt":{"rendered":"<p>Term\u00e9keink nemes alapanyagokb\u00f3l k\u00e9sz\u00fclnek, teljes eg\u00e9sz\u00e9ben k\u00e9zi megmunk\u00e1l\u00e1ssal.<br \/>\nAz \u00d6n \u00e1ltal v\u00e1lasztott sz\u00ednben k\u00e9sz\u00fcl.<\/p>\n<p><strong>Anyag \/ f\u00e9nyk\u00e9p<\/strong><br \/>\nF\u00fcgg\u00f6nyr\u00fad: kov\u00e1csoltvas<\/p>\n<p><strong>F\u00fcgg\u00f6nyr\u00fad \u00f8: <\/strong>13mm (1\/2 &quot;)<\/p>\n<p><strong>V\u00e9gd\u00edsz hossza: <\/strong>25 cm (10 &quot;)<strong><br \/>\n<\/strong><\/p>","protected":false},"featured_media":11976,"comment_status":"closed","ping_status":"closed","template":"","meta":[],"product_cat":[44,78,88],"product_tag":[94],"_links":{"self":[{"href":"https:\/\/variacurtainpoles.uk\/hu\/wp-json\/wp\/v2\/product\/11962"}],"collection":[{"href":"https:\/\/variacurtainpoles.uk\/hu\/wp-json\/wp\/v2\/product"}],"about":[{"href":"https:\/\/variacurtainpoles.uk\/hu\/wp-json\/wp\/v2\/types\/product"}],"replies":[{"embeddable":true,"href":"https:\/\/variacurtainpoles.uk\/hu\/wp-json\/wp\/v2\/comments?post=11962"}],"wp:featuredmedia":[{"embeddable":true,"href":"https:\/\/variacurtainpoles.uk\/hu\/wp-json\/wp\/v2\/media\/11976"}],"wp:attachment":[{"href":"https:\/\/variacurtainpoles.uk\/hu\/wp-json\/wp\/v2\/media?parent=11962"}],"wp:term":[{"taxonomy":"product_cat","embeddable":true,"href":"https:\/\/variacurtainpoles.uk\/hu\/wp-json\/wp\/v2\/product_cat?post=11962"},{"taxonomy":"product_tag","embeddable":true,"href":"https:\/\/variacurtainpoles.uk\/hu\/wp-json\/wp\/v2\/product_tag?post=11962"}],"curies":[{"name":"wp","href":"https:\/\/api.w.org\/{rel}","templated":true}]}}