{"id":11925,"date":"2016-05-10T10:01:43","date_gmt":"2016-05-10T10:01:43","guid":{"rendered":"http:\/\/variacurtainpoles.uk\/product\/palmette-exotique-1133\/"},"modified":"2016-11-17T12:30:56","modified_gmt":"2016-11-17T12:30:56","slug":"palmette-exotique-1133","status":"publish","type":"product","link":"https:\/\/variacurtainpoles.uk\/hu\/termek\/palmette-exotique-1133\/","title":{"rendered":"Palmette Exotique 1133"},"content":{"rendered":"<p>Term\u00e9keink nemes alapanyagokb\u00f3l k\u00e9sz\u00fclnek, teljes eg\u00e9sz\u00e9ben k\u00e9zi megmunk\u00e1l\u00e1ssal.<br \/>\nAz \u00d6n \u00e1ltal v\u00e1lasztott sz\u00ednben k\u00e9sz\u00fcl.<\/p>\n<p><strong>Anyag \/ f\u00e9nyk\u00e9p<\/strong><br \/>\nKarnisr\u00fad: fa, antik t\u00f6lgy<br \/>\nV\u00e9gd\u00edsz: s\u00e1rgar\u00e9z, antik patina<\/p>\n<p><strong>F\u00fcgg\u00f6nyr\u00fad \u00f8: <\/strong>50mm (2\")<\/p>\n<p><strong>V\u00e9gd\u00edsz hossza\/magass\u00e1ga:\u00a0<\/strong>140\/80 mm<\/p>","protected":false},"excerpt":{"rendered":"<p>Term\u00e9keink nemes alapanyagokb\u00f3l k\u00e9sz\u00fclnek, teljes eg\u00e9sz\u00e9ben k\u00e9zi megmunk\u00e1l\u00e1ssal.<br \/>\nAz \u00d6n \u00e1ltal v\u00e1lasztott sz\u00ednben k\u00e9sz\u00fcl.<\/p>\n<p><strong>Anyag \/ f\u00e9nyk\u00e9p<\/strong><br \/>\nKarnisr\u00fad: fa, antik t\u00f6lgy<br \/>\nV\u00e9gd\u00edsz: s\u00e1rgar\u00e9z, antik patina<\/p>\n<p><strong>F\u00fcgg\u00f6nyr\u00fad \u00f8: <\/strong>50mm (2\")<\/p>\n<p><strong>V\u00e9gd\u00edsz hossza\/magass\u00e1ga:\u00a0<\/strong>140\/80 mm<\/p>","protected":false},"featured_media":11926,"comment_status":"closed","ping_status":"closed","template":"","meta":[],"product_cat":[44,62,56],"product_tag":[92],"_links":{"self":[{"href":"https:\/\/variacurtainpoles.uk\/hu\/wp-json\/wp\/v2\/product\/11925"}],"collection":[{"href":"https:\/\/variacurtainpoles.uk\/hu\/wp-json\/wp\/v2\/product"}],"about":[{"href":"https:\/\/variacurtainpoles.uk\/hu\/wp-json\/wp\/v2\/types\/product"}],"replies":[{"embeddable":true,"href":"https:\/\/variacurtainpoles.uk\/hu\/wp-json\/wp\/v2\/comments?post=11925"}],"wp:featuredmedia":[{"embeddable":true,"href":"https:\/\/variacurtainpoles.uk\/hu\/wp-json\/wp\/v2\/media\/11926"}],"wp:attachment":[{"href":"https:\/\/variacurtainpoles.uk\/hu\/wp-json\/wp\/v2\/media?parent=11925"}],"wp:term":[{"taxonomy":"product_cat","embeddable":true,"href":"https:\/\/variacurtainpoles.uk\/hu\/wp-json\/wp\/v2\/product_cat?post=11925"},{"taxonomy":"product_tag","embeddable":true,"href":"https:\/\/variacurtainpoles.uk\/hu\/wp-json\/wp\/v2\/product_tag?post=11925"}],"curies":[{"name":"wp","href":"https:\/\/api.w.org\/{rel}","templated":true}]}}