{"id":11919,"date":"2016-05-10T09:53:47","date_gmt":"2016-05-10T09:53:47","guid":{"rendered":"http:\/\/variacurtainpoles.uk\/product\/louis-xvi-mixed-nickel-3400-n\/"},"modified":"2016-11-17T12:34:36","modified_gmt":"2016-11-17T12:34:36","slug":"louis-xvi-mixed-nickel-3400-n","status":"publish","type":"product","link":"https:\/\/variacurtainpoles.uk\/hu\/termek\/louis-xvi-mixed-nickel-3400-n\/","title":{"rendered":"XVI. Lajos vegyes nikkel 3400N"},"content":{"rendered":"<p>Term\u00e9keink nemes alapanyagokb\u00f3l k\u00e9sz\u00fclnek, teljes eg\u00e9sz\u00e9ben k\u00e9zi megmunk\u00e1l\u00e1ssal.<br \/>\nAz \u00d6n \u00e1ltal v\u00e1lasztott sz\u00ednben k\u00e9sz\u00fcl.<\/p>\n<p><strong>Anyag \/ f\u00e9nyk\u00e9p<\/strong><br \/>\nF\u00fcgg\u00f6nyr\u00fad: fa, fekete<br \/>\nV\u00e9gd\u00edsz: Vegyes: s\u00e1rgar\u00e9z, f\u00e9nyes nikkel \/ fa, fekete<\/p>\n<p><strong>F\u00fcgg\u00f6nyr\u00fad \u00f8: <\/strong>40 mm (1 1\/2 &quot;)<\/p>\n<p><strong>V\u00e9gd\u00edsz hossza\/magass\u00e1ga:\u00a0<\/strong>110\/60 mm<\/p>","protected":false},"excerpt":{"rendered":"<p>Term\u00e9keink nemes alapanyagokb\u00f3l k\u00e9sz\u00fclnek, teljes eg\u00e9sz\u00e9ben k\u00e9zi megmunk\u00e1l\u00e1ssal.<br \/>\nAz \u00d6n \u00e1ltal v\u00e1lasztott sz\u00ednben k\u00e9sz\u00fcl.<\/p>\n<p><strong>Anyag \/ f\u00e9nyk\u00e9p<\/strong><br \/>\nF\u00fcgg\u00f6nyr\u00fad: fa, fekete<br \/>\nV\u00e9gd\u00edsz: Vegyes: s\u00e1rgar\u00e9z, f\u00e9nyes nikkel \/ fa, fekete<\/p>\n<p><strong>F\u00fcgg\u00f6nyr\u00fad \u00f8: <\/strong>40 mm (1 1\/2 &quot;)<\/p>\n<p><strong>V\u00e9gd\u00edsz hossza\/magass\u00e1ga:\u00a0<\/strong>110\/60 mm<\/p>","protected":false},"featured_media":11920,"comment_status":"closed","ping_status":"closed","template":"","meta":[],"product_cat":[44,54,62,60],"product_tag":[93],"_links":{"self":[{"href":"https:\/\/variacurtainpoles.uk\/hu\/wp-json\/wp\/v2\/product\/11919"}],"collection":[{"href":"https:\/\/variacurtainpoles.uk\/hu\/wp-json\/wp\/v2\/product"}],"about":[{"href":"https:\/\/variacurtainpoles.uk\/hu\/wp-json\/wp\/v2\/types\/product"}],"replies":[{"embeddable":true,"href":"https:\/\/variacurtainpoles.uk\/hu\/wp-json\/wp\/v2\/comments?post=11919"}],"wp:featuredmedia":[{"embeddable":true,"href":"https:\/\/variacurtainpoles.uk\/hu\/wp-json\/wp\/v2\/media\/11920"}],"wp:attachment":[{"href":"https:\/\/variacurtainpoles.uk\/hu\/wp-json\/wp\/v2\/media?parent=11919"}],"wp:term":[{"taxonomy":"product_cat","embeddable":true,"href":"https:\/\/variacurtainpoles.uk\/hu\/wp-json\/wp\/v2\/product_cat?post=11919"},{"taxonomy":"product_tag","embeddable":true,"href":"https:\/\/variacurtainpoles.uk\/hu\/wp-json\/wp\/v2\/product_tag?post=11919"}],"curies":[{"name":"wp","href":"https:\/\/api.w.org\/{rel}","templated":true}]}}