{"id":11905,"date":"2016-05-10T09:44:18","date_gmt":"2016-05-10T09:44:18","guid":{"rendered":"http:\/\/variacurtainpoles.uk\/product\/louis-xv-070316\/"},"modified":"2016-11-17T12:41:04","modified_gmt":"2016-11-17T12:41:04","slug":"louis-xv-070316","status":"publish","type":"product","link":"https:\/\/variacurtainpoles.uk\/hu\/termek\/louis-xv-070316\/","title":{"rendered":"XV. Lajos 070316"},"content":{"rendered":"<p>Term\u00e9keink nemes alapanyagokb\u00f3l k\u00e9sz\u00fclnek, teljes eg\u00e9sz\u00e9ben k\u00e9zi megmunk\u00e1l\u00e1ssal.<br \/>\nAz \u00d6n \u00e1ltal v\u00e1lasztott sz\u00ednben k\u00e9sz\u00fcl.<\/p>\n<p><strong>Anyag \/ v\u00e9gd\u00edsz a f\u00e9nyk\u00e9pen<\/strong><br \/>\nKarnisr\u00fad: fa, di\u00f3<br \/>\nV\u00e9gd\u00edsz: fa, di\u00f3<\/p>\n<p><strong>F\u00fcgg\u00f6nyr\u00fad \u00f8: <\/strong>40 mm (1 1\/2 \u2033)<\/p>\n<p><strong>V\u00e9gd\u00edsz hossza\/magass\u00e1ga:<\/strong> 150\/70 mm<\/p>","protected":false},"excerpt":{"rendered":"<p>Term\u00e9keink nemes alapanyagokb\u00f3l k\u00e9sz\u00fclnek, teljes eg\u00e9sz\u00e9ben k\u00e9zi megmunk\u00e1l\u00e1ssal.<br \/>\nAz \u00d6n \u00e1ltal v\u00e1lasztott sz\u00ednben k\u00e9sz\u00fcl.<\/p>\n<p><strong>Anyag \/ v\u00e9gd\u00edsz a f\u00e9nyk\u00e9pen<\/strong><br \/>\nKarnisr\u00fad: fa, di\u00f3<br \/>\nV\u00e9gd\u00edsz: fa, di\u00f3<\/p>\n<p><strong>F\u00fcgg\u00f6nyr\u00fad \u00f8: <\/strong>40 mm (1 1\/2 \u2033)<\/p>\n<p><strong>V\u00e9gd\u00edsz hossza\/magass\u00e1ga:<\/strong> 150\/70 mm<\/p>","protected":false},"featured_media":11906,"comment_status":"closed","ping_status":"closed","template":"","meta":[],"product_cat":[44,54,60],"product_tag":[91],"_links":{"self":[{"href":"https:\/\/variacurtainpoles.uk\/hu\/wp-json\/wp\/v2\/product\/11905"}],"collection":[{"href":"https:\/\/variacurtainpoles.uk\/hu\/wp-json\/wp\/v2\/product"}],"about":[{"href":"https:\/\/variacurtainpoles.uk\/hu\/wp-json\/wp\/v2\/types\/product"}],"replies":[{"embeddable":true,"href":"https:\/\/variacurtainpoles.uk\/hu\/wp-json\/wp\/v2\/comments?post=11905"}],"wp:featuredmedia":[{"embeddable":true,"href":"https:\/\/variacurtainpoles.uk\/hu\/wp-json\/wp\/v2\/media\/11906"}],"wp:attachment":[{"href":"https:\/\/variacurtainpoles.uk\/hu\/wp-json\/wp\/v2\/media?parent=11905"}],"wp:term":[{"taxonomy":"product_cat","embeddable":true,"href":"https:\/\/variacurtainpoles.uk\/hu\/wp-json\/wp\/v2\/product_cat?post=11905"},{"taxonomy":"product_tag","embeddable":true,"href":"https:\/\/variacurtainpoles.uk\/hu\/wp-json\/wp\/v2\/product_tag?post=11905"}],"curies":[{"name":"wp","href":"https:\/\/api.w.org\/{rel}","templated":true}]}}