{"id":11894,"date":"2016-05-10T09:35:14","date_gmt":"2016-05-10T09:35:14","guid":{"rendered":"http:\/\/variacurtainpoles.uk\/product\/knot-090124\/"},"modified":"2016-11-17T12:45:09","modified_gmt":"2016-11-17T12:45:09","slug":"knot-090124","status":"publish","type":"product","link":"https:\/\/variacurtainpoles.uk\/hu\/termek\/knot-090124\/","title":{"rendered":"Csom\u00f3 090124"},"content":{"rendered":"<p>Term\u00e9keink nemes alapanyagokb\u00f3l k\u00e9sz\u00fclnek, teljes eg\u00e9sz\u00e9ben k\u00e9zi megmunk\u00e1l\u00e1ssal.<br \/>\nAz \u00d6n \u00e1ltal v\u00e1lasztott sz\u00ednben k\u00e9sz\u00fcl.<\/p>\n<p><strong>Anyag \/ v\u00e9gd\u00edsz a f\u00e9nyk\u00e9pen<\/strong><br \/>\nKarnisr\u00fad: fa, m\u00e1rv\u00e1ny<br \/>\nV\u00e9gd\u00edsz: m\u0171gyanta<\/p>\n<p><strong>F\u00fcgg\u00f6nyr\u00fad \u00f8:<\/strong> 60 mm (2 1\/3 &quot;)<\/p>\n<p><strong>V\u00e9gd\u00edsz hossza\/magass\u00e1ga:<\/strong> 140\/100 mm<\/p>","protected":false},"excerpt":{"rendered":"<p>Term\u00e9keink nemes alapanyagokb\u00f3l k\u00e9sz\u00fclnek, teljes eg\u00e9sz\u00e9ben k\u00e9zi megmunk\u00e1l\u00e1ssal.<br \/>\nAz \u00d6n \u00e1ltal v\u00e1lasztott sz\u00ednben k\u00e9sz\u00fcl.<\/p>\n<p><strong>Anyag \/ v\u00e9gd\u00edsz a f\u00e9nyk\u00e9pen<\/strong><br \/>\nKarnisr\u00fad: fa, m\u00e1rv\u00e1ny<br \/>\nV\u00e9gd\u00edsz: m\u0171gyanta<\/p>\n<p><strong>F\u00fcgg\u00f6nyr\u00fad \u00f8:<\/strong> 60 mm (2 1\/3 &quot;)<\/p>\n<p><strong>V\u00e9gd\u00edsz hossza\/magass\u00e1ga:<\/strong> 140\/100 mm<\/p>","protected":false},"featured_media":11895,"comment_status":"closed","ping_status":"closed","template":"","meta":[],"product_cat":[44,62,87],"product_tag":[93],"_links":{"self":[{"href":"https:\/\/variacurtainpoles.uk\/hu\/wp-json\/wp\/v2\/product\/11894"}],"collection":[{"href":"https:\/\/variacurtainpoles.uk\/hu\/wp-json\/wp\/v2\/product"}],"about":[{"href":"https:\/\/variacurtainpoles.uk\/hu\/wp-json\/wp\/v2\/types\/product"}],"replies":[{"embeddable":true,"href":"https:\/\/variacurtainpoles.uk\/hu\/wp-json\/wp\/v2\/comments?post=11894"}],"wp:featuredmedia":[{"embeddable":true,"href":"https:\/\/variacurtainpoles.uk\/hu\/wp-json\/wp\/v2\/media\/11895"}],"wp:attachment":[{"href":"https:\/\/variacurtainpoles.uk\/hu\/wp-json\/wp\/v2\/media?parent=11894"}],"wp:term":[{"taxonomy":"product_cat","embeddable":true,"href":"https:\/\/variacurtainpoles.uk\/hu\/wp-json\/wp\/v2\/product_cat?post=11894"},{"taxonomy":"product_tag","embeddable":true,"href":"https:\/\/variacurtainpoles.uk\/hu\/wp-json\/wp\/v2\/product_tag?post=11894"}],"curies":[{"name":"wp","href":"https:\/\/api.w.org\/{rel}","templated":true}]}}