{"id":11888,"date":"2016-05-10T09:26:43","date_gmt":"2016-05-10T09:26:43","guid":{"rendered":"http:\/\/variacurtainpoles.uk\/product\/grande-palmette-empire-1130\/"},"modified":"2016-11-17T12:47:48","modified_gmt":"2016-11-17T12:47:48","slug":"grande-palmette-empire-1130","status":"publish","type":"product","link":"https:\/\/variacurtainpoles.uk\/hu\/termek\/grande-palmette-empire-1130\/","title":{"rendered":"Grande Palmette Empire 1130"},"content":{"rendered":"<p>Term\u00e9keink nemes alapanyagokb\u00f3l k\u00e9sz\u00fclnek, teljes eg\u00e9sz\u00e9ben k\u00e9zi megmunk\u00e1l\u00e1ssal.<br \/>\nAz \u00d6n \u00e1ltal v\u00e1lasztott sz\u00ednben k\u00e9sz\u00fcl.<\/p>\n<p><strong>Anyag \/ v\u00e9gd\u00edsz a f\u00e9nyk\u00e9pen<\/strong><br \/>\nF\u00fcgg\u00f6nyr\u00fad: s\u00e1rgar\u00e9z, antik bronz<br \/>\nV\u00e9gd\u00edsz: s\u00e1rgar\u00e9z, antik bronz<\/p>\n<p><strong>F\u00fcgg\u00f6nyr\u00fad \u00f8:<\/strong> 50 mm (2 &quot;)<\/p>\n<p><strong>V\u00e9gd\u00edsz hossza\/magass\u00e1ga:<\/strong> 170\/140 mm<\/p>","protected":false},"excerpt":{"rendered":"<p>Term\u00e9keink nemes alapanyagokb\u00f3l k\u00e9sz\u00fclnek, teljes eg\u00e9sz\u00e9ben k\u00e9zi megmunk\u00e1l\u00e1ssal.<br \/>\nAz \u00d6n \u00e1ltal v\u00e1lasztott sz\u00ednben k\u00e9sz\u00fcl.<\/p>\n<p><strong>Anyag \/ v\u00e9gd\u00edsz a f\u00e9nyk\u00e9pen<\/strong><br \/>\nF\u00fcgg\u00f6nyr\u00fad: s\u00e1rgar\u00e9z, antik bronz<br \/>\nV\u00e9gd\u00edsz: s\u00e1rgar\u00e9z, antik bronz<\/p>\n<p><strong>F\u00fcgg\u00f6nyr\u00fad \u00f8:<\/strong> 50 mm (2 &quot;)<\/p>\n<p><strong>V\u00e9gd\u00edsz hossza\/magass\u00e1ga:<\/strong> 170\/140 mm<\/p>","protected":false},"featured_media":11889,"comment_status":"closed","ping_status":"closed","template":"","meta":[],"product_cat":[44,62,56],"product_tag":[92],"_links":{"self":[{"href":"https:\/\/variacurtainpoles.uk\/hu\/wp-json\/wp\/v2\/product\/11888"}],"collection":[{"href":"https:\/\/variacurtainpoles.uk\/hu\/wp-json\/wp\/v2\/product"}],"about":[{"href":"https:\/\/variacurtainpoles.uk\/hu\/wp-json\/wp\/v2\/types\/product"}],"replies":[{"embeddable":true,"href":"https:\/\/variacurtainpoles.uk\/hu\/wp-json\/wp\/v2\/comments?post=11888"}],"wp:featuredmedia":[{"embeddable":true,"href":"https:\/\/variacurtainpoles.uk\/hu\/wp-json\/wp\/v2\/media\/11889"}],"wp:attachment":[{"href":"https:\/\/variacurtainpoles.uk\/hu\/wp-json\/wp\/v2\/media?parent=11888"}],"wp:term":[{"taxonomy":"product_cat","embeddable":true,"href":"https:\/\/variacurtainpoles.uk\/hu\/wp-json\/wp\/v2\/product_cat?post=11888"},{"taxonomy":"product_tag","embeddable":true,"href":"https:\/\/variacurtainpoles.uk\/hu\/wp-json\/wp\/v2\/product_tag?post=11888"}],"curies":[{"name":"wp","href":"https:\/\/api.w.org\/{rel}","templated":true}]}}