{"id":11871,"date":"2016-05-09T20:17:30","date_gmt":"2016-05-09T20:17:30","guid":{"rendered":"http:\/\/variacurtainpoles.uk\/product\/flamme-1460\/"},"modified":"2016-11-17T12:52:21","modified_gmt":"2016-11-17T12:52:21","slug":"flamme-1460","status":"publish","type":"product","link":"https:\/\/variacurtainpoles.uk\/hu\/termek\/flamme-1460\/","title":{"rendered":"L\u00e1ng 1460"},"content":{"rendered":"<p>Term\u00e9keink nemes alapanyagokb\u00f3l k\u00e9sz\u00fclnek, teljes eg\u00e9sz\u00e9ben k\u00e9zi megmunk\u00e1l\u00e1ssal.<br \/>\nAz \u00d6n \u00e1ltal v\u00e1lasztott sz\u00ednben k\u00e9sz\u00fcl.<\/p>\n<p><strong>Anyag\/Fot\u00f3<\/strong><br \/>\nF\u00fcgg\u00f6nyr\u00fad: s\u00e1rgar\u00e9z, csiszolt \u00e9s lakkozott<br \/>\nV\u00e9gd\u00edsz: s\u00e1rgar\u00e9z, antik patina<\/p>\n<p><strong>F\u00fcgg\u00f6nyr\u00fad \u00f8:<\/strong>40 mm (1 1\/2 &quot;)<\/p>\n<p><strong>V\u00e9gd\u00edsz hossza\/magass\u00e1ga:<\/strong> 145\/75 mm<\/p>","protected":false},"excerpt":{"rendered":"<p>Term\u00e9keink nemes alapanyagokb\u00f3l k\u00e9sz\u00fclnek, teljes eg\u00e9sz\u00e9ben k\u00e9zi megmunk\u00e1l\u00e1ssal.<br \/>\nAz \u00d6n \u00e1ltal v\u00e1lasztott sz\u00ednben k\u00e9sz\u00fcl.<\/p>\n<p><strong>Anyag\/Fot\u00f3<\/strong><br \/>\nF\u00fcgg\u00f6nyr\u00fad: s\u00e1rgar\u00e9z, csiszolt \u00e9s lakkozott<br \/>\nV\u00e9gd\u00edsz: s\u00e1rgar\u00e9z, antik patina<\/p>\n<p><strong>F\u00fcgg\u00f6nyr\u00fad \u00f8:<\/strong>40 mm (1 1\/2 &quot;)<\/p>\n<p><strong>V\u00e9gd\u00edsz hossza\/magass\u00e1ga:<\/strong> 145\/75 mm<\/p>","protected":false},"featured_media":11872,"comment_status":"closed","ping_status":"closed","template":"","meta":[],"product_cat":[44,62,60],"product_tag":[92],"_links":{"self":[{"href":"https:\/\/variacurtainpoles.uk\/hu\/wp-json\/wp\/v2\/product\/11871"}],"collection":[{"href":"https:\/\/variacurtainpoles.uk\/hu\/wp-json\/wp\/v2\/product"}],"about":[{"href":"https:\/\/variacurtainpoles.uk\/hu\/wp-json\/wp\/v2\/types\/product"}],"replies":[{"embeddable":true,"href":"https:\/\/variacurtainpoles.uk\/hu\/wp-json\/wp\/v2\/comments?post=11871"}],"wp:featuredmedia":[{"embeddable":true,"href":"https:\/\/variacurtainpoles.uk\/hu\/wp-json\/wp\/v2\/media\/11872"}],"wp:attachment":[{"href":"https:\/\/variacurtainpoles.uk\/hu\/wp-json\/wp\/v2\/media?parent=11871"}],"wp:term":[{"taxonomy":"product_cat","embeddable":true,"href":"https:\/\/variacurtainpoles.uk\/hu\/wp-json\/wp\/v2\/product_cat?post=11871"},{"taxonomy":"product_tag","embeddable":true,"href":"https:\/\/variacurtainpoles.uk\/hu\/wp-json\/wp\/v2\/product_tag?post=11871"}],"curies":[{"name":"wp","href":"https:\/\/api.w.org\/{rel}","templated":true}]}}