{"id":11851,"date":"2016-05-09T19:57:17","date_gmt":"2016-05-09T19:57:17","guid":{"rendered":"http:\/\/variacurtainpoles.uk\/product\/boule-bruessel-090130\/"},"modified":"2016-11-17T13:00:03","modified_gmt":"2016-11-17T13:00:03","slug":"boule-bruessel-090130","status":"publish","type":"product","link":"https:\/\/variacurtainpoles.uk\/hu\/termek\/boule-bruessel-090130\/","title":{"rendered":"Boule Bruessel 090130"},"content":{"rendered":"<p><span class=\"red strong\">Term\u00e9keink nemes alapanyagokb\u00f3l k\u00e9sz\u00fclnek, teljes eg\u00e9sz\u00e9ben k\u00e9zi megmunk\u00e1l\u00e1ssal.<br \/>\nAz \u00d6n \u00e1ltal v\u00e1lasztott sz\u00ednben k\u00e9sz\u00fcl.<br \/>\n<\/span><\/p>\n<p><strong><span class=\"red strong\">Anyag \/ fot\u00f3:<\/span><\/strong><br \/>\nF\u00fcgg\u00f6nyr\u00fad: fa, fekete<br \/>\nV\u00e9gd\u00edsz: m\u0171gyanta, 26 C fekete-ez\u00fcst<\/p>\n<p><span class=\"red strong\"><strong>F\u00fcgg\u00f6nyr\u00fad \u00f8:\u00a0<\/strong><\/span>50 mm (2 &quot;)<\/p>\n<p><strong><span class=\"red strong\">V\u00e9gd\u00edsz hossza\/magass\u00e1ga:<\/span><\/strong> 130 \/ 85mm<\/p>","protected":false},"excerpt":{"rendered":"<p><span class=\"red strong\">Term\u00e9keink nemes alapanyagokb\u00f3l k\u00e9sz\u00fclnek, teljes eg\u00e9sz\u00e9ben k\u00e9zi megmunk\u00e1l\u00e1ssal.<br \/>\nAz \u00d6n \u00e1ltal v\u00e1lasztott sz\u00ednben k\u00e9sz\u00fcl.<br \/>\n<\/span><\/p>\n<p><strong><span class=\"red strong\">Anyag \/ fot\u00f3:<\/span><\/strong><br \/>\nF\u00fcgg\u00f6nyr\u00fad: fa, fekete<br \/>\nV\u00e9gd\u00edsz: m\u0171gyanta, 26 C fekete-ez\u00fcst<\/p>\n<p><span class=\"red strong\"><strong>F\u00fcgg\u00f6nyr\u00fad \u00f8:\u00a0<\/strong><\/span>50 mm (2 &quot;)<\/p>\n<p><strong><span class=\"red strong\">V\u00e9gd\u00edsz hossza\/magass\u00e1ga:<\/span><\/strong> 130 \/ 85mm<\/p>","protected":false},"featured_media":11852,"comment_status":"closed","ping_status":"closed","template":"","meta":[],"product_cat":[44,83,56],"product_tag":[93],"_links":{"self":[{"href":"https:\/\/variacurtainpoles.uk\/hu\/wp-json\/wp\/v2\/product\/11851"}],"collection":[{"href":"https:\/\/variacurtainpoles.uk\/hu\/wp-json\/wp\/v2\/product"}],"about":[{"href":"https:\/\/variacurtainpoles.uk\/hu\/wp-json\/wp\/v2\/types\/product"}],"replies":[{"embeddable":true,"href":"https:\/\/variacurtainpoles.uk\/hu\/wp-json\/wp\/v2\/comments?post=11851"}],"wp:featuredmedia":[{"embeddable":true,"href":"https:\/\/variacurtainpoles.uk\/hu\/wp-json\/wp\/v2\/media\/11852"}],"wp:attachment":[{"href":"https:\/\/variacurtainpoles.uk\/hu\/wp-json\/wp\/v2\/media?parent=11851"}],"wp:term":[{"taxonomy":"product_cat","embeddable":true,"href":"https:\/\/variacurtainpoles.uk\/hu\/wp-json\/wp\/v2\/product_cat?post=11851"},{"taxonomy":"product_tag","embeddable":true,"href":"https:\/\/variacurtainpoles.uk\/hu\/wp-json\/wp\/v2\/product_tag?post=11851"}],"curies":[{"name":"wp","href":"https:\/\/api.w.org\/{rel}","templated":true}]}}