{"id":11847,"date":"2016-05-09T19:49:56","date_gmt":"2016-05-09T19:49:56","guid":{"rendered":"http:\/\/variacurtainpoles.uk\/product\/boule-070364\/"},"modified":"2016-12-08T08:35:22","modified_gmt":"2016-12-08T08:35:22","slug":"boule-070364","status":"publish","type":"product","link":"https:\/\/variacurtainpoles.uk\/hu\/termek\/boule-070364\/","title":{"rendered":"Boule 070364"},"content":{"rendered":"<p><span class=\"red strong\">Term\u00e9keink nemes alapanyagokb\u00f3l k\u00e9sz\u00fclnek, teljes eg\u00e9sz\u00e9ben k\u00e9zi megmunk\u00e1l\u00e1ssal.<br \/>\nAz \u00d6n \u00e1ltal v\u00e1lasztott sz\u00ednben k\u00e9sz\u00fcl.<br \/>\n<\/span><\/p>\n<p><strong><span class=\"red strong\">Anyag \/ fot\u00f3:<\/span><\/strong><br \/>\nF\u00fcgg\u00f6nyr\u00fad: fa, ez\u00fcst, lakkozott<br \/>\nV\u00e9gz\u00e1r\u00f3: m\u0171gyanta, ez\u00fcst, lakkozott<\/p>\n<p><span class=\"red strong\"><strong>F\u00fcgg\u00f6nyr\u00fad \u00f8:\u00a0<\/strong><\/span>50 mm (2 &quot;)<\/p>\n<p><strong><span class=\"red strong\">V\u00e9gd\u00edsz hossza\/magass\u00e1ga:<\/span><\/strong> &#8211;<\/p>","protected":false},"excerpt":{"rendered":"<p><span class=\"red strong\">Term\u00e9keink nemes alapanyagokb\u00f3l k\u00e9sz\u00fclnek, teljes eg\u00e9sz\u00e9ben k\u00e9zi megmunk\u00e1l\u00e1ssal.<br \/>\nAz \u00d6n \u00e1ltal v\u00e1lasztott sz\u00ednben k\u00e9sz\u00fcl.<br \/>\n<\/span><\/p>\n<p><strong><span class=\"red strong\">Anyag \/ fot\u00f3:<\/span><\/strong><br \/>\nF\u00fcgg\u00f6nyr\u00fad: fa, ez\u00fcst, lakkozott<br \/>\nV\u00e9gz\u00e1r\u00f3: m\u0171gyanta, ez\u00fcst, lakkozott<\/p>\n<p><span class=\"red strong\"><strong>F\u00fcgg\u00f6nyr\u00fad \u00f8:\u00a0<\/strong><\/span>50 mm (2 &quot;)<\/p>\n<p><strong><span class=\"red strong\">V\u00e9gd\u00edsz hossza\/magass\u00e1ga:<\/span><\/strong> &#8211;<\/p>","protected":false},"featured_media":11885,"comment_status":"closed","ping_status":"closed","template":"","meta":[],"product_cat":[44,83,56],"product_tag":[93],"_links":{"self":[{"href":"https:\/\/variacurtainpoles.uk\/hu\/wp-json\/wp\/v2\/product\/11847"}],"collection":[{"href":"https:\/\/variacurtainpoles.uk\/hu\/wp-json\/wp\/v2\/product"}],"about":[{"href":"https:\/\/variacurtainpoles.uk\/hu\/wp-json\/wp\/v2\/types\/product"}],"replies":[{"embeddable":true,"href":"https:\/\/variacurtainpoles.uk\/hu\/wp-json\/wp\/v2\/comments?post=11847"}],"wp:featuredmedia":[{"embeddable":true,"href":"https:\/\/variacurtainpoles.uk\/hu\/wp-json\/wp\/v2\/media\/11885"}],"wp:attachment":[{"href":"https:\/\/variacurtainpoles.uk\/hu\/wp-json\/wp\/v2\/media?parent=11847"}],"wp:term":[{"taxonomy":"product_cat","embeddable":true,"href":"https:\/\/variacurtainpoles.uk\/hu\/wp-json\/wp\/v2\/product_cat?post=11847"},{"taxonomy":"product_tag","embeddable":true,"href":"https:\/\/variacurtainpoles.uk\/hu\/wp-json\/wp\/v2\/product_tag?post=11847"}],"curies":[{"name":"wp","href":"https:\/\/api.w.org\/{rel}","templated":true}]}}