{"id":11839,"date":"2016-05-09T19:31:40","date_gmt":"2016-05-09T19:31:40","guid":{"rendered":"http:\/\/variacurtainpoles.uk\/product\/oignon-2179\/"},"modified":"2016-11-17T13:05:53","modified_gmt":"2016-11-17T13:05:53","slug":"oignon-2179","status":"publish","type":"product","link":"https:\/\/variacurtainpoles.uk\/hu\/termek\/oignon-2179\/","title":{"rendered":"Oignon 2179"},"content":{"rendered":"<div class=\"post-content\">\n<p><span class=\"red strong\">Term\u00e9keink nemes alapanyagokb\u00f3l k\u00e9sz\u00fclnek, teljes eg\u00e9sz\u00e9ben k\u00e9zi megmunk\u00e1l\u00e1ssal.<br \/>\nAz \u00d6n \u00e1ltal v\u00e1lasztott sz\u00ednben k\u00e9sz\u00fcl.<br \/>\n<\/span><\/p>\n<p><strong>Sz\u00edn <span class=\"red strong\">Fot\u00f3:<\/span><\/strong><br \/>\nKarnisr\u00fad: fa, t\u00f6lgy<br \/>\nV\u00e9gd\u00edsz: s\u00e1rgar\u00e9z, csiszolt \u00e9s lakkozott<\/p>\n<p><strong><span class=\"red strong\">F\u00fcgg\u00f6nyr\u00fad \u00f8:<br \/>\n<\/span><\/strong>20 mm (4\/5 \u2033)<\/p>\n<p><strong><span class=\"red strong\">V\u00e9gd\u00edsz hossza\/magass\u00e1ga:<\/span><\/strong> 22\/20 mm<\/p>\n<\/div>","protected":false},"excerpt":{"rendered":"<div class=\"post-content\">\n<p><span class=\"red strong\">Term\u00e9keink nemes alapanyagokb\u00f3l k\u00e9sz\u00fclnek, teljes eg\u00e9sz\u00e9ben k\u00e9zi megmunk\u00e1l\u00e1ssal.<br \/>\nAz \u00d6n \u00e1ltal v\u00e1lasztott sz\u00ednben k\u00e9sz\u00fcl.<br \/>\n<\/span><\/p>\n<p><strong>Sz\u00edn <span class=\"red strong\">Fot\u00f3:<\/span><\/strong><br \/>\nKarnisr\u00fad: fa, t\u00f6lgy<br \/>\nV\u00e9gd\u00edsz: s\u00e1rgar\u00e9z, csiszolt \u00e9s lakkozott<\/p>\n<p><strong><span class=\"red strong\">F\u00fcgg\u00f6nyr\u00fad \u00f8:<br \/>\n<\/span><\/strong>20 mm (4\/5 \u2033)<\/p>\n<p><strong><span class=\"red strong\">V\u00e9gd\u00edsz hossza\/magass\u00e1ga:<\/span><\/strong> 22\/20 mm<\/p>\n<\/div>","protected":false},"featured_media":11840,"comment_status":"closed","ping_status":"closed","template":"","meta":[],"product_cat":[44,62,85],"product_tag":[92],"_links":{"self":[{"href":"https:\/\/variacurtainpoles.uk\/hu\/wp-json\/wp\/v2\/product\/11839"}],"collection":[{"href":"https:\/\/variacurtainpoles.uk\/hu\/wp-json\/wp\/v2\/product"}],"about":[{"href":"https:\/\/variacurtainpoles.uk\/hu\/wp-json\/wp\/v2\/types\/product"}],"replies":[{"embeddable":true,"href":"https:\/\/variacurtainpoles.uk\/hu\/wp-json\/wp\/v2\/comments?post=11839"}],"wp:featuredmedia":[{"embeddable":true,"href":"https:\/\/variacurtainpoles.uk\/hu\/wp-json\/wp\/v2\/media\/11840"}],"wp:attachment":[{"href":"https:\/\/variacurtainpoles.uk\/hu\/wp-json\/wp\/v2\/media?parent=11839"}],"wp:term":[{"taxonomy":"product_cat","embeddable":true,"href":"https:\/\/variacurtainpoles.uk\/hu\/wp-json\/wp\/v2\/product_cat?post=11839"},{"taxonomy":"product_tag","embeddable":true,"href":"https:\/\/variacurtainpoles.uk\/hu\/wp-json\/wp\/v2\/product_tag?post=11839"}],"curies":[{"name":"wp","href":"https:\/\/api.w.org\/{rel}","templated":true}]}}