{"id":11675,"date":"2016-04-28T20:31:27","date_gmt":"2016-04-28T20:31:27","guid":{"rendered":"http:\/\/variacurtainpoles.uk\/product\/tuillerie-090102\/"},"modified":"2016-11-17T13:06:55","modified_gmt":"2016-11-17T13:06:55","slug":"tuillerie-090102","status":"publish","type":"product","link":"https:\/\/variacurtainpoles.uk\/hu\/termek\/tuillerie-090102\/","title":{"rendered":"Tuillerie 090102"},"content":{"rendered":"<p><span class=\"red strong\">Term\u00e9keink nemes alapanyagokb\u00f3l k\u00e9sz\u00fclnek, teljes eg\u00e9sz\u00e9ben k\u00e9zi megmunk\u00e1l\u00e1ssal.<br \/>\nAz \u00d6n \u00e1ltal v\u00e1lasztott sz\u00ednben k\u00e9sz\u00fcl.<br \/>\n<\/span><\/p>\n<p><strong><span class=\"red strong\">V\u00e9gz\u00e1r\u00f3 fot\u00f3<\/span><\/strong><br \/>\nKarnisr\u00fad: fa<br \/>\nV\u00e9gd\u00edsz: m\u0171gyanta<\/p>\n<p><strong><span class=\"red strong\">F\u00fcgg\u00f6nyr\u00fad \u00f8: <\/span><\/strong>80 mm (3 1\/4 &quot;)<\/p>\n<div class=\"post-content\">\n<p><strong><span class=\"red strong\">V\u00e9gd\u00edsz hossza\/magass\u00e1ga:<\/span><\/strong> 230\/170 mm<\/p>\n<\/div>","protected":false},"excerpt":{"rendered":"<p><span class=\"red strong\">Term\u00e9keink nemes alapanyagokb\u00f3l k\u00e9sz\u00fclnek, teljes eg\u00e9sz\u00e9ben k\u00e9zi megmunk\u00e1l\u00e1ssal.<br \/>\nAz \u00d6n \u00e1ltal v\u00e1lasztott sz\u00ednben k\u00e9sz\u00fcl.<br \/>\n<\/span><\/p>\n<p><strong><span class=\"red strong\">V\u00e9gz\u00e1r\u00f3 fot\u00f3<\/span><\/strong><br \/>\nKarnisr\u00fad: fa<br \/>\nV\u00e9gd\u00edsz: m\u0171gyanta<\/p>\n<p><strong><span class=\"red strong\">F\u00fcgg\u00f6nyr\u00fad \u00f8: <\/span><\/strong>80 mm (3 1\/4 &quot;)<\/p>\n<div class=\"post-content\">\n<p><strong><span class=\"red strong\">V\u00e9gd\u00edsz hossza\/magass\u00e1ga:<\/span><\/strong> 230\/170 mm<\/p>\n<\/div>","protected":false},"featured_media":11676,"comment_status":"closed","ping_status":"closed","template":"","meta":[],"product_cat":[44,83,89],"product_tag":[93],"_links":{"self":[{"href":"https:\/\/variacurtainpoles.uk\/hu\/wp-json\/wp\/v2\/product\/11675"}],"collection":[{"href":"https:\/\/variacurtainpoles.uk\/hu\/wp-json\/wp\/v2\/product"}],"about":[{"href":"https:\/\/variacurtainpoles.uk\/hu\/wp-json\/wp\/v2\/types\/product"}],"replies":[{"embeddable":true,"href":"https:\/\/variacurtainpoles.uk\/hu\/wp-json\/wp\/v2\/comments?post=11675"}],"wp:featuredmedia":[{"embeddable":true,"href":"https:\/\/variacurtainpoles.uk\/hu\/wp-json\/wp\/v2\/media\/11676"}],"wp:attachment":[{"href":"https:\/\/variacurtainpoles.uk\/hu\/wp-json\/wp\/v2\/media?parent=11675"}],"wp:term":[{"taxonomy":"product_cat","embeddable":true,"href":"https:\/\/variacurtainpoles.uk\/hu\/wp-json\/wp\/v2\/product_cat?post=11675"},{"taxonomy":"product_tag","embeddable":true,"href":"https:\/\/variacurtainpoles.uk\/hu\/wp-json\/wp\/v2\/product_tag?post=11675"}],"curies":[{"name":"wp","href":"https:\/\/api.w.org\/{rel}","templated":true}]}}