{"id":11668,"date":"2016-04-28T20:23:07","date_gmt":"2016-04-28T20:23:07","guid":{"rendered":"http:\/\/variacurtainpoles.uk\/product\/ramshead-090101\/"},"modified":"2016-11-17T13:09:23","modified_gmt":"2016-11-17T13:09:23","slug":"ramshead-090101","status":"publish","type":"product","link":"https:\/\/variacurtainpoles.uk\/hu\/termek\/ramshead-090101\/","title":{"rendered":"Ramshead 090101"},"content":{"rendered":"<p><span class=\"red strong\">Term\u00e9keink nemes alapanyagokb\u00f3l k\u00e9sz\u00fclnek, teljes eg\u00e9sz\u00e9ben k\u00e9zi megmunk\u00e1l\u00e1ssal.<br \/>\nAz \u00d6n \u00e1ltal v\u00e1lasztott sz\u00ednben k\u00e9sz\u00fcl.<br \/>\n<\/span><\/p>\n<p><strong><span class=\"red strong\">V\u00e9gz\u00e1r\u00f3 fot\u00f3<\/span><\/strong><br \/>\nF\u00fcgg\u00f6nyr\u00fad: fa, s\u00f6t\u00e9t mahag\u00f3ni<br \/>\nV\u00e9gz\u00e1r\u00f3: m\u0171gyanta, aranys\u00e1rga<\/p>\n<p><strong><span class=\"red strong\">F\u00fcgg\u00f6nyr\u00fad \u00f8: <\/span><\/strong>50 mm (2 &quot;)<\/p>\n<p><strong><span class=\"red strong\">V\u00e9gd\u00edsz hossza\/magass\u00e1ga:<\/span><\/strong> 140\/100 mm<\/p>","protected":false},"excerpt":{"rendered":"<p><span class=\"red strong\">Term\u00e9keink nemes alapanyagokb\u00f3l k\u00e9sz\u00fclnek, teljes eg\u00e9sz\u00e9ben k\u00e9zi megmunk\u00e1l\u00e1ssal.<br \/>\nAz \u00d6n \u00e1ltal v\u00e1lasztott sz\u00ednben k\u00e9sz\u00fcl.<br \/>\n<\/span><\/p>\n<p><strong><span class=\"red strong\">V\u00e9gz\u00e1r\u00f3 fot\u00f3<\/span><\/strong><br \/>\nF\u00fcgg\u00f6nyr\u00fad: fa, s\u00f6t\u00e9t mahag\u00f3ni<br \/>\nV\u00e9gz\u00e1r\u00f3: m\u0171gyanta, aranys\u00e1rga<\/p>\n<p><strong><span class=\"red strong\">F\u00fcgg\u00f6nyr\u00fad \u00f8: <\/span><\/strong>50 mm (2 &quot;)<\/p>\n<p><strong><span class=\"red strong\">V\u00e9gd\u00edsz hossza\/magass\u00e1ga:<\/span><\/strong> 140\/100 mm<\/p>","protected":false},"featured_media":11678,"comment_status":"closed","ping_status":"closed","template":"","meta":[],"product_cat":[44,83,56],"product_tag":[93],"_links":{"self":[{"href":"https:\/\/variacurtainpoles.uk\/hu\/wp-json\/wp\/v2\/product\/11668"}],"collection":[{"href":"https:\/\/variacurtainpoles.uk\/hu\/wp-json\/wp\/v2\/product"}],"about":[{"href":"https:\/\/variacurtainpoles.uk\/hu\/wp-json\/wp\/v2\/types\/product"}],"replies":[{"embeddable":true,"href":"https:\/\/variacurtainpoles.uk\/hu\/wp-json\/wp\/v2\/comments?post=11668"}],"wp:featuredmedia":[{"embeddable":true,"href":"https:\/\/variacurtainpoles.uk\/hu\/wp-json\/wp\/v2\/media\/11678"}],"wp:attachment":[{"href":"https:\/\/variacurtainpoles.uk\/hu\/wp-json\/wp\/v2\/media?parent=11668"}],"wp:term":[{"taxonomy":"product_cat","embeddable":true,"href":"https:\/\/variacurtainpoles.uk\/hu\/wp-json\/wp\/v2\/product_cat?post=11668"},{"taxonomy":"product_tag","embeddable":true,"href":"https:\/\/variacurtainpoles.uk\/hu\/wp-json\/wp\/v2\/product_tag?post=11668"}],"curies":[{"name":"wp","href":"https:\/\/api.w.org\/{rel}","templated":true}]}}