{"id":11664,"date":"2016-04-28T16:34:38","date_gmt":"2016-04-28T16:34:38","guid":{"rendered":"http:\/\/variacurtainpoles.uk\/product\/tiebacks-brass-716\/"},"modified":"2016-11-17T13:17:50","modified_gmt":"2016-11-17T13:17:50","slug":"tiebacks-brass-716","status":"publish","type":"product","link":"https:\/\/variacurtainpoles.uk\/hu\/termek\/tiebacks-brass-716\/","title":{"rendered":"Elk\u00f6t\u0151, s\u00e1rgar\u00e9z 716"},"content":{"rendered":"<p><strong>716<\/strong><br \/>\nL.10cm \/ 4 \u201c<br \/>\nH.19cm \/ 7 1\/2 \u201c<\/p>","protected":false},"excerpt":{"rendered":"<p><strong>716<\/strong><br \/>\nL.10cm \/ 4 \u201c<br \/>\nH.19cm \/ 7 1\/2 \u201c<\/p>","protected":false},"featured_media":12433,"comment_status":"closed","ping_status":"closed","template":"","meta":[],"product_cat":[38,80],"product_tag":[],"_links":{"self":[{"href":"https:\/\/variacurtainpoles.uk\/hu\/wp-json\/wp\/v2\/product\/11664"}],"collection":[{"href":"https:\/\/variacurtainpoles.uk\/hu\/wp-json\/wp\/v2\/product"}],"about":[{"href":"https:\/\/variacurtainpoles.uk\/hu\/wp-json\/wp\/v2\/types\/product"}],"replies":[{"embeddable":true,"href":"https:\/\/variacurtainpoles.uk\/hu\/wp-json\/wp\/v2\/comments?post=11664"}],"wp:featuredmedia":[{"embeddable":true,"href":"https:\/\/variacurtainpoles.uk\/hu\/wp-json\/wp\/v2\/media\/12433"}],"wp:attachment":[{"href":"https:\/\/variacurtainpoles.uk\/hu\/wp-json\/wp\/v2\/media?parent=11664"}],"wp:term":[{"taxonomy":"product_cat","embeddable":true,"href":"https:\/\/variacurtainpoles.uk\/hu\/wp-json\/wp\/v2\/product_cat?post=11664"},{"taxonomy":"product_tag","embeddable":true,"href":"https:\/\/variacurtainpoles.uk\/hu\/wp-json\/wp\/v2\/product_tag?post=11664"}],"curies":[{"name":"wp","href":"https:\/\/api.w.org\/{rel}","templated":true}]}}