{"id":11649,"date":"2016-04-28T09:35:40","date_gmt":"2016-04-28T09:35:40","guid":{"rendered":"http:\/\/variacurtainpoles.uk\/product\/louis-xv-xvi-070332\/"},"modified":"2016-11-17T13:19:24","modified_gmt":"2016-11-17T13:19:24","slug":"louis-xv-xvi-070332","status":"publish","type":"product","link":"https:\/\/variacurtainpoles.uk\/hu\/termek\/louis-xv-xvi-070332\/","title":{"rendered":"XV. - XVI 070332"},"content":{"rendered":"<p><span class=\"red strong\">Term\u00e9keink nemes alapanyagokb\u00f3l k\u00e9sz\u00fclnek, teljes eg\u00e9sz\u00e9ben k\u00e9zi megmunk\u00e1l\u00e1ssal.<br \/>\nAz \u00d6n \u00e1ltal v\u00e1lasztott sz\u00ednben k\u00e9sz\u00fcl.<br \/>\n<\/span><\/p>\n<p><strong><span class=\"red strong\">Anyag \/ v\u00e9gd\u00edsz a f\u00e9nyk\u00e9pen<\/span><\/strong><br \/>\nF\u00fcgg\u00f6nyr\u00fad: fa, feh\u00e9r-s\u00e1rga<br \/>\nV\u00e9gd\u00edsz: fa, aranys\u00e1rga<\/p>\n<p><strong><span class=\"red strong\">F\u00fcgg\u00f6nyr\u00fad \u00f8: <\/span><\/strong>40 mm (1 1\/2 &quot;)<\/p>\n<p><strong><span class=\"red strong\">V\u00e9gd\u00edsz hossza\/magass\u00e1ga:<\/span><\/strong>\u00a0150\/70 mm<strong><br \/>\n<\/strong><\/p>","protected":false},"excerpt":{"rendered":"<p><span class=\"red strong\">Term\u00e9keink nemes alapanyagokb\u00f3l k\u00e9sz\u00fclnek, teljes eg\u00e9sz\u00e9ben k\u00e9zi megmunk\u00e1l\u00e1ssal.<br \/>\nAz \u00d6n \u00e1ltal v\u00e1lasztott sz\u00ednben k\u00e9sz\u00fcl.<br \/>\n<\/span><\/p>\n<p><strong><span class=\"red strong\">Anyag \/ v\u00e9gd\u00edsz a f\u00e9nyk\u00e9pen<\/span><\/strong><br \/>\nF\u00fcgg\u00f6nyr\u00fad: fa, feh\u00e9r-s\u00e1rga<br \/>\nV\u00e9gd\u00edsz: fa, aranys\u00e1rga<\/p>\n<p><strong><span class=\"red strong\">F\u00fcgg\u00f6nyr\u00fad \u00f8: <\/span><\/strong>40 mm (1 1\/2 &quot;)<\/p>\n<p><strong><span class=\"red strong\">V\u00e9gd\u00edsz hossza\/magass\u00e1ga:<\/span><\/strong>\u00a0150\/70 mm<strong><br \/>\n<\/strong><\/p>","protected":false},"featured_media":11650,"comment_status":"closed","ping_status":"closed","template":"","meta":[],"product_cat":[44,54,60],"product_tag":[91],"_links":{"self":[{"href":"https:\/\/variacurtainpoles.uk\/hu\/wp-json\/wp\/v2\/product\/11649"}],"collection":[{"href":"https:\/\/variacurtainpoles.uk\/hu\/wp-json\/wp\/v2\/product"}],"about":[{"href":"https:\/\/variacurtainpoles.uk\/hu\/wp-json\/wp\/v2\/types\/product"}],"replies":[{"embeddable":true,"href":"https:\/\/variacurtainpoles.uk\/hu\/wp-json\/wp\/v2\/comments?post=11649"}],"wp:featuredmedia":[{"embeddable":true,"href":"https:\/\/variacurtainpoles.uk\/hu\/wp-json\/wp\/v2\/media\/11650"}],"wp:attachment":[{"href":"https:\/\/variacurtainpoles.uk\/hu\/wp-json\/wp\/v2\/media?parent=11649"}],"wp:term":[{"taxonomy":"product_cat","embeddable":true,"href":"https:\/\/variacurtainpoles.uk\/hu\/wp-json\/wp\/v2\/product_cat?post=11649"},{"taxonomy":"product_tag","embeddable":true,"href":"https:\/\/variacurtainpoles.uk\/hu\/wp-json\/wp\/v2\/product_tag?post=11649"}],"curies":[{"name":"wp","href":"https:\/\/api.w.org\/{rel}","templated":true}]}}