{"id":11645,"date":"2016-04-28T09:30:23","date_gmt":"2016-04-28T09:30:23","guid":{"rendered":"http:\/\/variacurtainpoles.uk\/product\/iron-1522\/"},"modified":"2020-05-25T05:29:46","modified_gmt":"2020-05-25T05:29:46","slug":"iron-1522","status":"publish","type":"product","link":"https:\/\/variacurtainpoles.uk\/hu\/termek\/iron-1522\/","title":{"rendered":"Vas f\u00fcgg\u00f6nyr\u00fad szerelv\u00e9ny 1522"},"content":{"rendered":"<p><span class=\"red strong\">Term\u00e9keink nemes alapanyagokb\u00f3l k\u00e9sz\u00fclnek, teljes eg\u00e9sz\u00e9ben k\u00e9zi megmunk\u00e1l\u00e1ssal.<br \/>\nAz \u00d6n \u00e1ltal v\u00e1lasztott sz\u00ednben k\u00e9sz\u00fcl.<br \/>\n<\/span><\/p>\n<p><strong><span class=\"red strong\">Anyag \/ f\u00e9nyk\u00e9p<\/span><\/strong><br \/>\nF\u00fcgg\u00f6nyr\u00fad: kov\u00e1csoltvas<br \/>\nV\u00e9gd\u00edsz: kov\u00e1csoltvas<\/p>\n<p><strong><span class=\"red strong\">F\u00fcgg\u00f6nyr\u00fad \u00f8: <\/span><\/strong>13 mm (1\/2 &quot;)<\/p>\n<p><strong><span class=\"red strong\">V\u00e9gd\u00edsz hossza:<\/span>\u00a0<\/strong>16cm (6 1\/3 &quot;)<strong><br \/>\n<\/strong><\/p>","protected":false},"excerpt":{"rendered":"<p><span class=\"red strong\">Term\u00e9keink nemes alapanyagokb\u00f3l k\u00e9sz\u00fclnek, teljes eg\u00e9sz\u00e9ben k\u00e9zi megmunk\u00e1l\u00e1ssal.<br \/>\nAz \u00d6n \u00e1ltal v\u00e1lasztott sz\u00ednben k\u00e9sz\u00fcl.<br \/>\n<\/span><\/p>\n<p><strong><span class=\"red strong\">Anyag \/ f\u00e9nyk\u00e9p<\/span><\/strong><br \/>\nF\u00fcgg\u00f6nyr\u00fad: kov\u00e1csoltvas<br \/>\nV\u00e9gd\u00edsz: kov\u00e1csoltvas<\/p>\n<p><strong><span class=\"red strong\">F\u00fcgg\u00f6nyr\u00fad \u00f8: <\/span><\/strong>13 mm (1\/2 &quot;)<\/p>\n<p><strong><span class=\"red strong\">V\u00e9gd\u00edsz hossza:<\/span>\u00a0<\/strong>16cm (6 1\/3 &quot;)<strong><br \/>\n<\/strong><\/p>","protected":false},"featured_media":11646,"comment_status":"closed","ping_status":"closed","template":"","meta":[],"product_cat":[44,78,88],"product_tag":[94],"_links":{"self":[{"href":"https:\/\/variacurtainpoles.uk\/hu\/wp-json\/wp\/v2\/product\/11645"}],"collection":[{"href":"https:\/\/variacurtainpoles.uk\/hu\/wp-json\/wp\/v2\/product"}],"about":[{"href":"https:\/\/variacurtainpoles.uk\/hu\/wp-json\/wp\/v2\/types\/product"}],"replies":[{"embeddable":true,"href":"https:\/\/variacurtainpoles.uk\/hu\/wp-json\/wp\/v2\/comments?post=11645"}],"wp:featuredmedia":[{"embeddable":true,"href":"https:\/\/variacurtainpoles.uk\/hu\/wp-json\/wp\/v2\/media\/11646"}],"wp:attachment":[{"href":"https:\/\/variacurtainpoles.uk\/hu\/wp-json\/wp\/v2\/media?parent=11645"}],"wp:term":[{"taxonomy":"product_cat","embeddable":true,"href":"https:\/\/variacurtainpoles.uk\/hu\/wp-json\/wp\/v2\/product_cat?post=11645"},{"taxonomy":"product_tag","embeddable":true,"href":"https:\/\/variacurtainpoles.uk\/hu\/wp-json\/wp\/v2\/product_tag?post=11645"}],"curies":[{"name":"wp","href":"https:\/\/api.w.org\/{rel}","templated":true}]}}