{"id":11644,"date":"2016-04-28T09:25:54","date_gmt":"2016-04-28T09:25:54","guid":{"rendered":"http:\/\/variacurtainpoles.uk\/product\/directoire-070347-2\/"},"modified":"2016-11-17T13:22:16","modified_gmt":"2016-11-17T13:22:16","slug":"directoire-070347-2","status":"publish","type":"product","link":"https:\/\/variacurtainpoles.uk\/hu\/termek\/directoire-070347-2\/","title":{"rendered":"Directoire 070347"},"content":{"rendered":"<p><span class=\"red strong\">Term\u00e9keink nemes alapanyagokb\u00f3l k\u00e9sz\u00fclnek, teljes eg\u00e9sz\u00e9ben k\u00e9zi megmunk\u00e1l\u00e1ssal.<br \/>\nAz \u00d6n \u00e1ltal v\u00e1lasztott sz\u00ednben k\u00e9sz\u00fcl.<br \/>\n<\/span><\/p>\n<p><strong><span class=\"red strong\">Anyag \/ fot\u00f3:<\/span><\/strong><br \/>\nF\u00fcgg\u00f6nyr\u00fad: fa, vidrabarna<br \/>\nV\u00e9gd\u00edsz: fa, vidrabarna<\/p>\n<p><span class=\"red strong\"><strong>F\u00fcgg\u00f6nyr\u00fad \u00f8: <\/strong><\/span>40 mm (1 1\/2 &quot;)<\/p>\n<p><strong><span class=\"red strong\">V\u00e9gd\u00edsz hossza\/magass\u00e1ga:<\/span><\/strong>\u00a0125\/65 mm<\/p>","protected":false},"excerpt":{"rendered":"<p><span class=\"red strong\">Term\u00e9keink nemes alapanyagokb\u00f3l k\u00e9sz\u00fclnek, teljes eg\u00e9sz\u00e9ben k\u00e9zi megmunk\u00e1l\u00e1ssal.<br \/>\nAz \u00d6n \u00e1ltal v\u00e1lasztott sz\u00ednben k\u00e9sz\u00fcl.<br \/>\n<\/span><\/p>\n<p><strong><span class=\"red strong\">Anyag \/ fot\u00f3:<\/span><\/strong><br \/>\nF\u00fcgg\u00f6nyr\u00fad: fa, vidrabarna<br \/>\nV\u00e9gd\u00edsz: fa, vidrabarna<\/p>\n<p><span class=\"red strong\"><strong>F\u00fcgg\u00f6nyr\u00fad \u00f8: <\/strong><\/span>40 mm (1 1\/2 &quot;)<\/p>\n<p><strong><span class=\"red strong\">V\u00e9gd\u00edsz hossza\/magass\u00e1ga:<\/span><\/strong>\u00a0125\/65 mm<\/p>","protected":false},"featured_media":11638,"comment_status":"closed","ping_status":"closed","template":"","meta":[],"product_cat":[44,54,60],"product_tag":[91],"_links":{"self":[{"href":"https:\/\/variacurtainpoles.uk\/hu\/wp-json\/wp\/v2\/product\/11644"}],"collection":[{"href":"https:\/\/variacurtainpoles.uk\/hu\/wp-json\/wp\/v2\/product"}],"about":[{"href":"https:\/\/variacurtainpoles.uk\/hu\/wp-json\/wp\/v2\/types\/product"}],"replies":[{"embeddable":true,"href":"https:\/\/variacurtainpoles.uk\/hu\/wp-json\/wp\/v2\/comments?post=11644"}],"wp:featuredmedia":[{"embeddable":true,"href":"https:\/\/variacurtainpoles.uk\/hu\/wp-json\/wp\/v2\/media\/11638"}],"wp:attachment":[{"href":"https:\/\/variacurtainpoles.uk\/hu\/wp-json\/wp\/v2\/media?parent=11644"}],"wp:term":[{"taxonomy":"product_cat","embeddable":true,"href":"https:\/\/variacurtainpoles.uk\/hu\/wp-json\/wp\/v2\/product_cat?post=11644"},{"taxonomy":"product_tag","embeddable":true,"href":"https:\/\/variacurtainpoles.uk\/hu\/wp-json\/wp\/v2\/product_tag?post=11644"}],"curies":[{"name":"wp","href":"https:\/\/api.w.org\/{rel}","templated":true}]}}