{"id":11635,"date":"2016-04-28T08:55:10","date_gmt":"2016-04-28T08:55:10","guid":{"rendered":"http:\/\/variacurtainpoles.uk\/product\/louis-xvi-070321\/"},"modified":"2016-11-17T13:24:48","modified_gmt":"2016-11-17T13:24:48","slug":"louis-xvi-070321","status":"publish","type":"product","link":"https:\/\/variacurtainpoles.uk\/hu\/termek\/louis-xvi-070321\/","title":{"rendered":"XVI Lajos 070321"},"content":{"rendered":"<p><span class=\"red strong\">Term\u00e9keink nemes alapanyagokb\u00f3l k\u00e9sz\u00fclnek, teljes eg\u00e9sz\u00e9ben k\u00e9zi megmunk\u00e1l\u00e1ssal.<br \/>\nAz \u00d6n \u00e1ltal v\u00e1lasztott sz\u00ednben k\u00e9sz\u00fcl.<br \/>\n<\/span><\/p>\n<p><strong><span class=\"red strong\">Anyag\/Fot\u00f3<\/span><\/strong><br \/>\nKarnisr\u00fad: fa, t\u00f6lgy<br \/>\nV\u00e9gd\u00edsz: fa, t\u00f6lgy<\/p>\n<p><strong><span class=\"red strong\">F\u00fcgg\u00f6nyr\u00fad \u00f8:\u00a0<\/span><\/strong><strong>40mm<\/strong> (1 1\/2&#8243;)<\/p>\n<p><strong><span class=\"red strong\">V\u00e9gd\u00edsz hossza\/magass\u00e1ga:<\/span><\/strong> 130\/80 mm<\/p>","protected":false},"excerpt":{"rendered":"<p><span class=\"red strong\">Term\u00e9keink nemes alapanyagokb\u00f3l k\u00e9sz\u00fclnek, teljes eg\u00e9sz\u00e9ben k\u00e9zi megmunk\u00e1l\u00e1ssal.<br \/>\nAz \u00d6n \u00e1ltal v\u00e1lasztott sz\u00ednben k\u00e9sz\u00fcl.<br \/>\n<\/span><\/p>\n<p><strong><span class=\"red strong\">Anyag\/Fot\u00f3<\/span><\/strong><br \/>\nKarnisr\u00fad: fa, t\u00f6lgy<br \/>\nV\u00e9gd\u00edsz: fa, t\u00f6lgy<\/p>\n<p><strong><span class=\"red strong\">F\u00fcgg\u00f6nyr\u00fad \u00f8:\u00a0<\/span><\/strong><strong>40mm<\/strong> (1 1\/2&#8243;)<\/p>\n<p><strong><span class=\"red strong\">V\u00e9gd\u00edsz hossza\/magass\u00e1ga:<\/span><\/strong> 130\/80 mm<\/p>","protected":false},"featured_media":11636,"comment_status":"closed","ping_status":"closed","template":"","meta":[],"product_cat":[44,54,60],"product_tag":[91],"_links":{"self":[{"href":"https:\/\/variacurtainpoles.uk\/hu\/wp-json\/wp\/v2\/product\/11635"}],"collection":[{"href":"https:\/\/variacurtainpoles.uk\/hu\/wp-json\/wp\/v2\/product"}],"about":[{"href":"https:\/\/variacurtainpoles.uk\/hu\/wp-json\/wp\/v2\/types\/product"}],"replies":[{"embeddable":true,"href":"https:\/\/variacurtainpoles.uk\/hu\/wp-json\/wp\/v2\/comments?post=11635"}],"wp:featuredmedia":[{"embeddable":true,"href":"https:\/\/variacurtainpoles.uk\/hu\/wp-json\/wp\/v2\/media\/11636"}],"wp:attachment":[{"href":"https:\/\/variacurtainpoles.uk\/hu\/wp-json\/wp\/v2\/media?parent=11635"}],"wp:term":[{"taxonomy":"product_cat","embeddable":true,"href":"https:\/\/variacurtainpoles.uk\/hu\/wp-json\/wp\/v2\/product_cat?post=11635"},{"taxonomy":"product_tag","embeddable":true,"href":"https:\/\/variacurtainpoles.uk\/hu\/wp-json\/wp\/v2\/product_tag?post=11635"}],"curies":[{"name":"wp","href":"https:\/\/api.w.org\/{rel}","templated":true}]}}