{"id":11630,"date":"2016-04-28T08:28:45","date_gmt":"2016-04-28T08:28:45","guid":{"rendered":"http:\/\/variacurtainpoles.uk\/product\/boule-1159\/"},"modified":"2016-11-17T13:28:45","modified_gmt":"2016-11-17T13:28:45","slug":"boule-1159","status":"publish","type":"product","link":"https:\/\/variacurtainpoles.uk\/hu\/termek\/boule-1159\/","title":{"rendered":"Boule 1159"},"content":{"rendered":"<p><span class=\"red strong\">Term\u00e9keink nemes alapanyagokb\u00f3l k\u00e9sz\u00fclnek, teljes eg\u00e9sz\u00e9ben k\u00e9zi megmunk\u00e1l\u00e1ssal.<br \/>\nAz \u00d6n \u00e1ltal v\u00e1lasztott sz\u00ednben k\u00e9sz\u00fcl.<br \/>\n<\/span><\/p>\n<p><strong><span class=\"red strong\">Anyag\/Fot\u00f3<\/span><\/strong><br \/>\nF\u00fcgg\u00f6nyr\u00fad: fa, s\u00f6t\u00e9t mahag\u00f3ni<br \/>\nV\u00e9gd\u00edsz: pol\u00edrozott s\u00e1rgar\u00e9z, lakkozott<\/p>\n<p><strong><span class=\"red strong\">F\u00fcgg\u00f6nyr\u00fad \u00f8:\u00a0<\/span><\/strong>40 mm (1 1\/2 &quot;)<\/p>\n<p><strong><span class=\"red strong\">V\u00e9gd\u00edsz hossza\/magass\u00e1ga:<\/span><\/strong> 90\/60 mm<\/p>","protected":false},"excerpt":{"rendered":"<p><span class=\"red strong\">Term\u00e9keink nemes alapanyagokb\u00f3l k\u00e9sz\u00fclnek, teljes eg\u00e9sz\u00e9ben k\u00e9zi megmunk\u00e1l\u00e1ssal.<br \/>\nAz \u00d6n \u00e1ltal v\u00e1lasztott sz\u00ednben k\u00e9sz\u00fcl.<br \/>\n<\/span><\/p>\n<p><strong><span class=\"red strong\">Anyag\/Fot\u00f3<\/span><\/strong><br \/>\nF\u00fcgg\u00f6nyr\u00fad: fa, s\u00f6t\u00e9t mahag\u00f3ni<br \/>\nV\u00e9gd\u00edsz: pol\u00edrozott s\u00e1rgar\u00e9z, lakkozott<\/p>\n<p><strong><span class=\"red strong\">F\u00fcgg\u00f6nyr\u00fad \u00f8:\u00a0<\/span><\/strong>40 mm (1 1\/2 &quot;)<\/p>\n<p><strong><span class=\"red strong\">V\u00e9gd\u00edsz hossza\/magass\u00e1ga:<\/span><\/strong> 90\/60 mm<\/p>","protected":false},"featured_media":11631,"comment_status":"closed","ping_status":"closed","template":"","meta":[],"product_cat":[44,62,60],"product_tag":[92],"_links":{"self":[{"href":"https:\/\/variacurtainpoles.uk\/hu\/wp-json\/wp\/v2\/product\/11630"}],"collection":[{"href":"https:\/\/variacurtainpoles.uk\/hu\/wp-json\/wp\/v2\/product"}],"about":[{"href":"https:\/\/variacurtainpoles.uk\/hu\/wp-json\/wp\/v2\/types\/product"}],"replies":[{"embeddable":true,"href":"https:\/\/variacurtainpoles.uk\/hu\/wp-json\/wp\/v2\/comments?post=11630"}],"wp:featuredmedia":[{"embeddable":true,"href":"https:\/\/variacurtainpoles.uk\/hu\/wp-json\/wp\/v2\/media\/11631"}],"wp:attachment":[{"href":"https:\/\/variacurtainpoles.uk\/hu\/wp-json\/wp\/v2\/media?parent=11630"}],"wp:term":[{"taxonomy":"product_cat","embeddable":true,"href":"https:\/\/variacurtainpoles.uk\/hu\/wp-json\/wp\/v2\/product_cat?post=11630"},{"taxonomy":"product_tag","embeddable":true,"href":"https:\/\/variacurtainpoles.uk\/hu\/wp-json\/wp\/v2\/product_tag?post=11630"}],"curies":[{"name":"wp","href":"https:\/\/api.w.org\/{rel}","templated":true}]}}