{"id":12499,"date":"2016-11-10T22:57:42","date_gmt":"2016-11-10T22:57:42","guid":{"rendered":"http:\/\/variacurtainpoles.uk\/product\/bed-crown-wood-21-26\/"},"modified":"2016-11-17T10:58:18","modified_gmt":"2016-11-17T10:58:18","slug":"bed-crown-wood-21-26","status":"publish","type":"product","link":"https:\/\/variacurtainpoles.uk\/fr\/produit\/bed-crown-wood-21-26\/","title":{"rendered":"Couronne de lit en bois 21\/26"},"content":{"rendered":"<p>Le bois est teint \u00e0 la main et fini ensuite \u00e0 la cire d&#039;abeille, \u00e0 la laque ou \u00e0 la dorure. La finition sera faite sur mesure pour votre commande.<\/p>\n<p><strong>Finition <span class=\"red strong\">Photo: <\/span><\/strong>blanc<br \/>\n<strong>\u00d8:<\/strong> 50cm, 20 \u2033<\/p>","protected":false},"excerpt":{"rendered":"<p>Le bois est teint \u00e0 la main et fini ensuite \u00e0 la cire d&#039;abeille, \u00e0 la laque ou \u00e0 la dorure. La finition sera faite sur mesure pour votre commande.<\/p>\n<p><strong>Finition <span class=\"red strong\">Photo: <\/span><\/strong>blanc<br \/>\n<strong>\u00d8:<\/strong> 50cm, 20 \u2033<\/p>","protected":false},"featured_media":12501,"comment_status":"closed","ping_status":"closed","template":"","meta":[],"product_cat":[38,121],"product_tag":[],"_links":{"self":[{"href":"https:\/\/variacurtainpoles.uk\/fr\/wp-json\/wp\/v2\/product\/12499"}],"collection":[{"href":"https:\/\/variacurtainpoles.uk\/fr\/wp-json\/wp\/v2\/product"}],"about":[{"href":"https:\/\/variacurtainpoles.uk\/fr\/wp-json\/wp\/v2\/types\/product"}],"replies":[{"embeddable":true,"href":"https:\/\/variacurtainpoles.uk\/fr\/wp-json\/wp\/v2\/comments?post=12499"}],"wp:featuredmedia":[{"embeddable":true,"href":"https:\/\/variacurtainpoles.uk\/fr\/wp-json\/wp\/v2\/media\/12501"}],"wp:attachment":[{"href":"https:\/\/variacurtainpoles.uk\/fr\/wp-json\/wp\/v2\/media?parent=12499"}],"wp:term":[{"taxonomy":"product_cat","embeddable":true,"href":"https:\/\/variacurtainpoles.uk\/fr\/wp-json\/wp\/v2\/product_cat?post=12499"},{"taxonomy":"product_tag","embeddable":true,"href":"https:\/\/variacurtainpoles.uk\/fr\/wp-json\/wp\/v2\/product_tag?post=12499"}],"curies":[{"name":"wp","href":"https:\/\/api.w.org\/{rel}","templated":true}]}}