{"id":12358,"date":"2016-09-24T09:10:25","date_gmt":"2016-09-24T09:10:25","guid":{"rendered":"http:\/\/variacurtainpoles.uk\/product\/pineapple-090120\/"},"modified":"2020-05-28T05:31:12","modified_gmt":"2020-05-28T05:31:12","slug":"pineapple-090120","status":"publish","type":"product","link":"https:\/\/variacurtainpoles.uk\/fr\/produit\/pineapple-090120\/","title":{"rendered":"Ananas 090120"},"content":{"rendered":"<p>Nos produits sont fabriqu\u00e9s \u00e0 partir de mat\u00e9riaux nobel et enti\u00e8rement fabriqu\u00e9s \u00e0 la main.<br \/>\nLa finition sera faite sur mesure d'apres votre demande.<\/p>\n<p><strong>Mat\u00e9riel \/ photo de finition<\/strong><br \/>\nTringle \u00e0 rideaux: bois teint\u00e9 acajou<br \/>\nFinial: r\u00e9sine: teint\u00e9 or \/ acajou<\/p>\n<p><strong>Tringle \u00e0 rideau \u00f8: <\/strong>50mm (2 &quot;), 60mm (2 1\/3&quot;), 80mm (3 1\/4 &quot;)<\/p>\n<p><strong>Embout L \/ H:\u00a0 <\/strong>17cm<strong><br \/>\n<\/strong><\/p>","protected":false},"excerpt":{"rendered":"<p>Nos produits sont fabriqu\u00e9s \u00e0 partir de mat\u00e9riaux nobel et enti\u00e8rement fabriqu\u00e9s \u00e0 la main.<br \/>\nLa finition sera faite sur mesure d'apres votre demande.<\/p>\n<p><strong>Mat\u00e9riel \/ photo de finition<\/strong><br \/>\nTringle \u00e0 rideaux: bois teint\u00e9 acajou<br \/>\nFinial: r\u00e9sine: teint\u00e9 or \/ acajou<\/p>\n<p><strong>Tringle \u00e0 rideau \u00f8: <\/strong>50mm (2 &quot;), 60mm (2 1\/3&quot;), 80mm (3 1\/4 &quot;)<\/p>\n<p><strong>Embout L \/ H:\u00a0 <\/strong>17cm<strong><br \/>\n<\/strong><\/p>","protected":false},"featured_media":12359,"comment_status":"closed","ping_status":"closed","template":"","meta":[],"product_cat":[83,56,87,89],"product_tag":[93],"_links":{"self":[{"href":"https:\/\/variacurtainpoles.uk\/fr\/wp-json\/wp\/v2\/product\/12358"}],"collection":[{"href":"https:\/\/variacurtainpoles.uk\/fr\/wp-json\/wp\/v2\/product"}],"about":[{"href":"https:\/\/variacurtainpoles.uk\/fr\/wp-json\/wp\/v2\/types\/product"}],"replies":[{"embeddable":true,"href":"https:\/\/variacurtainpoles.uk\/fr\/wp-json\/wp\/v2\/comments?post=12358"}],"wp:featuredmedia":[{"embeddable":true,"href":"https:\/\/variacurtainpoles.uk\/fr\/wp-json\/wp\/v2\/media\/12359"}],"wp:attachment":[{"href":"https:\/\/variacurtainpoles.uk\/fr\/wp-json\/wp\/v2\/media?parent=12358"}],"wp:term":[{"taxonomy":"product_cat","embeddable":true,"href":"https:\/\/variacurtainpoles.uk\/fr\/wp-json\/wp\/v2\/product_cat?post=12358"},{"taxonomy":"product_tag","embeddable":true,"href":"https:\/\/variacurtainpoles.uk\/fr\/wp-json\/wp\/v2\/product_tag?post=12358"}],"curies":[{"name":"wp","href":"https:\/\/api.w.org\/{rel}","templated":true}]}}