{"id":12193,"date":"2016-07-05T08:57:31","date_gmt":"2016-07-05T08:57:31","guid":{"rendered":"http:\/\/variacurtainpoles.uk\/product\/shelf-display\/"},"modified":"2016-11-17T11:30:00","modified_gmt":"2016-11-17T11:30:00","slug":"shelf-display","status":"publish","type":"product","link":"https:\/\/variacurtainpoles.uk\/fr\/produit\/shelf-display\/","title":{"rendered":"\u00c9tag\u00e8re"},"content":{"rendered":"<p>\u00c9tag\u00e8re<em><br \/>\n<\/em><\/p>","protected":false},"excerpt":{"rendered":"<p>\u00c9tag\u00e8re<em><br \/>\n<\/em><\/p>","protected":false},"featured_media":12198,"comment_status":"closed","ping_status":"closed","template":"","meta":[],"product_cat":[112],"product_tag":[113],"_links":{"self":[{"href":"https:\/\/variacurtainpoles.uk\/fr\/wp-json\/wp\/v2\/product\/12193"}],"collection":[{"href":"https:\/\/variacurtainpoles.uk\/fr\/wp-json\/wp\/v2\/product"}],"about":[{"href":"https:\/\/variacurtainpoles.uk\/fr\/wp-json\/wp\/v2\/types\/product"}],"replies":[{"embeddable":true,"href":"https:\/\/variacurtainpoles.uk\/fr\/wp-json\/wp\/v2\/comments?post=12193"}],"wp:featuredmedia":[{"embeddable":true,"href":"https:\/\/variacurtainpoles.uk\/fr\/wp-json\/wp\/v2\/media\/12198"}],"wp:attachment":[{"href":"https:\/\/variacurtainpoles.uk\/fr\/wp-json\/wp\/v2\/media?parent=12193"}],"wp:term":[{"taxonomy":"product_cat","embeddable":true,"href":"https:\/\/variacurtainpoles.uk\/fr\/wp-json\/wp\/v2\/product_cat?post=12193"},{"taxonomy":"product_tag","embeddable":true,"href":"https:\/\/variacurtainpoles.uk\/fr\/wp-json\/wp\/v2\/product_tag?post=12193"}],"curies":[{"name":"wp","href":"https:\/\/api.w.org\/{rel}","templated":true}]}}